{"id":1948,"date":"2014-04-24T15:19:21","date_gmt":"2014-04-24T13:19:21","guid":{"rendered":"https:\/\/luegde.sawah.mobi\/?page_id=1948"},"modified":"2014-05-18T10:47:33","modified_gmt":"2014-05-18T08:47:33","slug":"grenzgaenger","status":"publish","type":"page","link":"https:\/\/luegde.sawah.mobi\/?page_id=1948","title":{"rendered":"Grenzg\u00e4nger"},"content":{"rendered":"<p>Die Geschichte des Ortes Harzberg ist gepr\u00e4gt durch seine Grenzlage. Die f\u00fchrte dazu, dass sich hier h\u00e4ufig fahrendes Volk \u2013 im damaligen Volksmund \u201eTatern\u201c genannt \u2013 aufhielt. Ihnen war es nach einer mittelalterlichen Verordnung nicht erlaubt, l\u00e4nger als einen Tag an einem Ort zu lagern. So suchten sie Orte in Grenzn\u00e4he, um schnell umziehen zu k\u00f6nnen.<\/p>\n<p>Ihre Anwesenheit brachte dem Berg die Bezeichnung \u201eTaternberg\u201c ein.<\/p>\n<p>Ab dem 18. Jahrhundert verlief hier die Grenze zwischen dem F\u00fcrstentum Lippe und dem K\u00f6nigreich Preu\u00dfen. Der Grenzverlauf wurde durch Grenzsteine markiert. Zwei dieser Hoheitssteine sind heute noch sichtbar. Einen von ihnen finden Sie wenige Hundert Meter von hier in Richtung Schieder.<\/p>\n<p>Dort liegt auch das Restaurant Fischanger. 1817 errichtet, diente es urspr\u00fcnglich als Forsthaus. Als 1820 die Stra\u00dfe nach Schwalenberg fertig gestellt wurde, passierte an dieser Stelle der gesamte Warenverkehr zwischen Schwalenberg und Paderborn. Daher entschied man, im Forsthaus eine Zollstation einzurichten. Mit dem Ausbau der Eisenbahn verlor die Station ihre Funktion und Einnahmen und wurde 1897 aufgegeben.<\/p>\n<p>Im 17. Jahrhundert gab es heftige territoriale und konfessionelle Streitigkeiten um das L\u00fcgder Gebiet zwischen den Grafen von Waldeck und dem Hochstift Paderborn. Auch nach einem Vergleich 1667 kehrte kein Friede ein. Obwohl das L\u00fcgder Gebiet nun dem Bistum Paderborn zugeordnet war, wehrte sich der Graf von Waldeck dagegen, die Gebietsteile abzutreten, von denen er meinte, dass sie zu seinem Privatbesitz geh\u00f6rten, wie zum Beispiel das damalige Waldgebiet am Harzberg. Erst 1713 konnten die Grenzstreitigkeiten gekl\u00e4rt werden und das Gebiet kam endg\u00fcltig zu L\u00fcgde.<\/p>","protected":false},"excerpt":{"rendered":"<p>Die Geschichte des Ortes Harzberg ist gepr\u00e4gt durch seine Grenzlage. Die f\u00fchrte dazu, dass sich hier h\u00e4ufig fahrendes Volk \u2013 im damaligen Volksmund \u201eTatern\u201c genannt \u2013 aufhielt. Ihnen war es nach einer mittelalterlichen Verordnung nicht erlaubt, l\u00e4nger als einen Tag an einem Ort zu lagern. So suchten sie Orte in Grenzn\u00e4he, um schnell umziehen zu [&hellip;]<\/p>\n","protected":false},"author":1,"featured_media":1966,"parent":0,"menu_order":0,"comment_status":"open","ping_status":"open","template":"","meta":{"ngg_post_thumbnail":0},"_links":{"self":[{"href":"https:\/\/luegde.sawah.mobi\/index.php?rest_route=\/wp\/v2\/pages\/1948"}],"collection":[{"href":"https:\/\/luegde.sawah.mobi\/index.php?rest_route=\/wp\/v2\/pages"}],"about":[{"href":"https:\/\/luegde.sawah.mobi\/index.php?rest_route=\/wp\/v2\/types\/page"}],"author":[{"embeddable":true,"href":"https:\/\/luegde.sawah.mobi\/index.php?rest_route=\/wp\/v2\/users\/1"}],"replies":[{"embeddable":true,"href":"https:\/\/luegde.sawah.mobi\/index.php?rest_route=%2Fwp%2Fv2%2Fcomments&post=1948"}],"version-history":[{"count":3,"href":"https:\/\/luegde.sawah.mobi\/index.php?rest_route=\/wp\/v2\/pages\/1948\/revisions"}],"predecessor-version":[{"id":2051,"href":"https:\/\/luegde.sawah.mobi\/index.php?rest_route=\/wp\/v2\/pages\/1948\/revisions\/2051"}],"wp:featuredmedia":[{"embeddable":true,"href":"https:\/\/luegde.sawah.mobi\/index.php?rest_route=\/wp\/v2\/media\/1966"}],"wp:attachment":[{"href":"https:\/\/luegde.sawah.mobi\/index.php?rest_route=%2Fwp%2Fv2%2Fmedia&parent=1948"}],"curies":[{"name":"wp","href":"https:\/\/api.w.org\/{rel}","templated":true}]}}