{"id":1973,"date":"2014-04-24T15:37:01","date_gmt":"2014-04-24T13:37:01","guid":{"rendered":"https:\/\/luegde.sawah.mobi\/?page_id=1973"},"modified":"2014-05-18T10:48:21","modified_gmt":"2014-05-18T08:48:21","slug":"kampf-und-kriege","status":"publish","type":"page","link":"https:\/\/luegde.sawah.mobi\/?page_id=1973","title":{"rendered":"Kampf und Kriege"},"content":{"rendered":"<p><em>Foto: Rekonstruierung des Stadt- und Burggrundrisses (Quelle: Heinz Dietz 1980: Burg und Stadt Rischenau)<\/em><\/p>\n<p>Die Region um Rischenau geh\u00f6rte zur Grafschaft Schwalenberg, ein gro\u00dfes Territorium zwischen Herford und H\u00f6xter, das von den m\u00e4chtigen Schwalenberger Grafen bis ins 13. Jahrhundert beherrscht wurde. Die Schwalenberger Grafen waren gef\u00fcrchtete Raubritter, die sich an Verschw\u00f6rungen beteiligten und gegen andere Herrschaftsh\u00e4user wie Pyrmont, Corvey, Everstein und Paderborn opponierten. Im Dorf \u201eRischenowe\u201c &#8211; 1269 erstmalig urkundlich erw\u00e4hnt &#8211; erbauten die Grafen Mitte des 14. Jahrhunderts eine Burg zur Verteidigung gegen die anderen Herrschaftsh\u00e4user und verliehen Rischenau die Stadtrechte.<\/p>\n<p>In einem 5 Jahre dauernden Erbfolgekrieg, der sich \u00fcber ganz Lippe erstreckte, wurden 1407 die Burg und das Dorf fast vollst\u00e4ndig zerst\u00f6rt. Auch danach war den Rischenauern kein Frieden verg\u00f6nnt. Denn nur 40 Jahre sp\u00e4ter vertrieb die sogenannte \u201eSoester Fehde\u201c die restlichen Bewohner. Rischenau war dem Erdboden gleichgemacht und verlor die Stadtrechte. Nichts deutete auf die Existenz der Burg hin, bis in den 50-70er Jahren bei verschiedenen Grabungen die Grundrisse der Burg wieder rekonstruiert werden konnten. Einige Stra\u00dfennamen wie \u201eDunger Tor\u201c und \u201eBurgtwete\u201c weisen heute noch auf die alte Burganlage hin.<\/p>\n<p>Wie die meisten mittelalterlichen Burgen bestand sie aus einer Hauptburg mit dem zentralen Wohnturm und einer Vorburg mit Wirtschaftsgeb\u00e4uden. Hier lagen die Wohnungen f\u00fcr die Bediensteten, Scheunen und Stallungen. Ein bis 15 m breiter Wassergraben umgab die Hauptburg. Da der Amtssitz Schwalenberg nicht weit entfernt lag, wurde die Burg lediglich durch einen vom Landesherrn besoldeten Mann und seinen Burgmannen bewacht. Einer Sage nach soll es einen Geheimgang zum Sitz des Grafen in Schwalenberg gegeben habe. Dieser Gang blieb aber bis heute verborgen.<\/p>","protected":false},"excerpt":{"rendered":"<p>Foto: Rekonstruierung des Stadt- und Burggrundrisses (Quelle: Heinz Dietz 1980: Burg und Stadt Rischenau) Die Region um Rischenau geh\u00f6rte zur Grafschaft Schwalenberg, ein gro\u00dfes Territorium zwischen Herford und H\u00f6xter, das von den m\u00e4chtigen Schwalenberger Grafen bis ins 13. Jahrhundert beherrscht wurde. Die Schwalenberger Grafen waren gef\u00fcrchtete Raubritter, die sich an Verschw\u00f6rungen beteiligten und gegen andere [&hellip;]<\/p>\n","protected":false},"author":1,"featured_media":1974,"parent":0,"menu_order":0,"comment_status":"open","ping_status":"open","template":"","meta":{"ngg_post_thumbnail":0},"_links":{"self":[{"href":"https:\/\/luegde.sawah.mobi\/index.php?rest_route=\/wp\/v2\/pages\/1973"}],"collection":[{"href":"https:\/\/luegde.sawah.mobi\/index.php?rest_route=\/wp\/v2\/pages"}],"about":[{"href":"https:\/\/luegde.sawah.mobi\/index.php?rest_route=\/wp\/v2\/types\/page"}],"author":[{"embeddable":true,"href":"https:\/\/luegde.sawah.mobi\/index.php?rest_route=\/wp\/v2\/users\/1"}],"replies":[{"embeddable":true,"href":"https:\/\/luegde.sawah.mobi\/index.php?rest_route=%2Fwp%2Fv2%2Fcomments&post=1973"}],"version-history":[{"count":2,"href":"https:\/\/luegde.sawah.mobi\/index.php?rest_route=\/wp\/v2\/pages\/1973\/revisions"}],"predecessor-version":[{"id":2054,"href":"https:\/\/luegde.sawah.mobi\/index.php?rest_route=\/wp\/v2\/pages\/1973\/revisions\/2054"}],"wp:featuredmedia":[{"embeddable":true,"href":"https:\/\/luegde.sawah.mobi\/index.php?rest_route=\/wp\/v2\/media\/1974"}],"wp:attachment":[{"href":"https:\/\/luegde.sawah.mobi\/index.php?rest_route=%2Fwp%2Fv2%2Fmedia&parent=1973"}],"curies":[{"name":"wp","href":"https:\/\/api.w.org\/{rel}","templated":true}]}}