{"id":1976,"date":"2014-04-24T15:40:13","date_gmt":"2014-04-24T13:40:13","guid":{"rendered":"https:\/\/luegde.sawah.mobi\/?page_id=1976"},"modified":"2014-05-18T10:45:30","modified_gmt":"2014-05-18T08:45:30","slug":"adel-und-hochmut","status":"publish","type":"page","link":"https:\/\/luegde.sawah.mobi\/?page_id=1976","title":{"rendered":"Adel und Hochmut"},"content":{"rendered":"<p><em>Foto: Graf Friedrich Carl August zur Lippe-Biesterfeld &#8211; der Enkel von Graf Jobst Hermann zur Lippe war der letzte Herr auf Biesterfeld<\/em><\/p>\n<p>In Biesterfeld befand sich einst der Herrensitz der Grafen zur Lippe-Biesterfeld, eine adelige Seitenlinie derer zur Lippe. 1654 erhielt Graf Jobst Hermann zur Lippe (1625-1678) &#8211; Vorfahre des Prinzen Bernhard zur Lippe- Biesterfeld, Gro\u00dfvater des jetzigen niederl\u00e4ndischen K\u00f6nigs Willem Alexander von Oranien-Nassau- den Besitz anl\u00e4sslich seiner Hochzeit mit Gr\u00e4fin Elisabeth Juliane zu Sayn-Wittgenstein. Damit war die adelige Seitenlinie Lippe-Biesterfeld begr\u00fcndet.<\/p>\n<p>Bald entwickelte der streitbare junge Graf politische Ambitionen, strebte nach seinem eigenen \u201ekleinen Reich\u201c, in dem er selbst Recht sprechen und alle Geistlichen und Beamten in ihre \u00c4mter einsetzen konnte. Er meinte, seine Herkunft g\u00e4be ihm er die gleichen Rechte wie den regierenden Grafen des Hauses Lippe und so nahm er ohne Skrupel Wald, Jagd, Fischerei und teilweise umgebende L\u00e4ndereien f\u00fcr eigene Zwecke in Besitz.<\/p>\n<p>1664 lies er sogar ohne Genehmigung des zust\u00e4ndigen Paderborner Erzbischofs eine S\u00e4ge- und Mahlm\u00fchle errichten. Der Bischof r\u00e4chte sich jedoch und schickte einen Trupp Soldaten, der die M\u00fchle dem Erdboden gleich machte.<\/p>\n<p>Am Detmolder Hof betrachtete man Jobst Hermanns Tun ebenfalls mit Missfallen, war aber darum bem\u00fcht, die Streitigkeiten weitgehend zu schlichten. Dies gelang 1667 dem regierenden Grafen Simon Heinrich mit einen Vertragsentwurf, der erstaunlich gro\u00dfz\u00fcgige Regelungen zugunsten Jobst Hermanns enthielt und nur wenige Pflichten.<\/p>\n<p>Die Familie zur Lippe-Biesterfeld herrschte nahezu 100 Jahre in Biesterfeld, immer auf etwas zu gro\u00dfem Fu\u00df, dem eigenen Standesanspruch folgend. Geldmangel zog sich daher wie ein roter Faden durch die Geschichte. Die Hofanlage Biesterfeld wurde zwar verh\u00e4ltnism\u00e4\u00dfig gro\u00df erbaut, aber f\u00fcr mehr als eine einfache Bauweise reichte das Geld dann offensichtlich nicht. Das ist vielleicht mit ein Grund, dass viele der Geb\u00e4ude nicht bis heute \u00fcberdauert haben. Geblieben ist z.B. die Brennerei und Brauerei aus dem Jahr 1740, in der sich heute ein Reitstall befindet oder die 1764 neu errichtete sogenannte \u201eParadiesm\u00fchle\u201c, heute ein kleines Museum und Caf\u00e9.<\/p>","protected":false},"excerpt":{"rendered":"<p>Foto: Graf Friedrich Carl August zur Lippe-Biesterfeld &#8211; der Enkel von Graf Jobst Hermann zur Lippe war der letzte Herr auf Biesterfeld In Biesterfeld befand sich einst der Herrensitz der Grafen zur Lippe-Biesterfeld, eine adelige Seitenlinie derer zur Lippe. 1654 erhielt Graf Jobst Hermann zur Lippe (1625-1678) &#8211; Vorfahre des Prinzen Bernhard zur Lippe- Biesterfeld, [&hellip;]<\/p>\n","protected":false},"author":1,"featured_media":1977,"parent":0,"menu_order":0,"comment_status":"open","ping_status":"open","template":"","meta":{"ngg_post_thumbnail":0},"_links":{"self":[{"href":"https:\/\/luegde.sawah.mobi\/index.php?rest_route=\/wp\/v2\/pages\/1976"}],"collection":[{"href":"https:\/\/luegde.sawah.mobi\/index.php?rest_route=\/wp\/v2\/pages"}],"about":[{"href":"https:\/\/luegde.sawah.mobi\/index.php?rest_route=\/wp\/v2\/types\/page"}],"author":[{"embeddable":true,"href":"https:\/\/luegde.sawah.mobi\/index.php?rest_route=\/wp\/v2\/users\/1"}],"replies":[{"embeddable":true,"href":"https:\/\/luegde.sawah.mobi\/index.php?rest_route=%2Fwp%2Fv2%2Fcomments&post=1976"}],"version-history":[{"count":3,"href":"https:\/\/luegde.sawah.mobi\/index.php?rest_route=\/wp\/v2\/pages\/1976\/revisions"}],"predecessor-version":[{"id":2043,"href":"https:\/\/luegde.sawah.mobi\/index.php?rest_route=\/wp\/v2\/pages\/1976\/revisions\/2043"}],"wp:featuredmedia":[{"embeddable":true,"href":"https:\/\/luegde.sawah.mobi\/index.php?rest_route=\/wp\/v2\/media\/1977"}],"wp:attachment":[{"href":"https:\/\/luegde.sawah.mobi\/index.php?rest_route=%2Fwp%2Fv2%2Fmedia&parent=1976"}],"curies":[{"name":"wp","href":"https:\/\/api.w.org\/{rel}","templated":true}]}}