{"id":1979,"date":"2014-04-24T15:43:21","date_gmt":"2014-04-24T13:43:21","guid":{"rendered":"https:\/\/luegde.sawah.mobi\/?page_id=1979"},"modified":"2014-05-18T10:49:33","modified_gmt":"2014-05-18T08:49:33","slug":"reisen-und-rasten","status":"publish","type":"page","link":"https:\/\/luegde.sawah.mobi\/?page_id=1979","title":{"rendered":"Reisen und Rasten"},"content":{"rendered":"<p><em>Foto: Letzte Postkutsche vor der Posthalterei (Quelle: Heimat- und Verkehrsverein Rischenau e.V.)<\/em><\/p>\n<p>Genau an dieser Stelle \u00a0verlief noch im letzten Jahrhundert die Poststra\u00dfe, die von Rischenau \u00fcber diesen Berg nach Niese f\u00fchrte. Der alte Hohlweg ist bei genauem Hinsehen noch heute im Wald erkennbar.<\/p>\n<p>Im Sp\u00e4tmittelalter war Rischenau ein wichtiger Verkehrsknotenpunkt f\u00fcr die Postkutschen, die zwischen Kassel und Bremen verkehrten. In Rischenau gab es eine Poststation, die t\u00e4glich von der Postkutsche angefahren wurde.<\/p>\n<p>Das Reisen mit der Postkutsche war ein abenteuerliches und gef\u00e4hrliches Unterfangen. Die Stra\u00dfen damals glichen den heutigen Feldwegen und konnten bei schlechtem Wetter und aufgeweichtem Untergrund nur m\u00fchsam befahren werden. H\u00e4ufig mussten Reisende aussteigen und die Kutsche gemeinsam mit dem Kutscher aus dem Schlamm befreien. F\u00fcr die Pflege der Wege waren die Gemeinden zust\u00e4ndig. Aus finanziellen Gr\u00fcnden \u00a0verz\u00f6gerten sich Reparaturarbeiten jedoch immer wieder. Die tief ausgefahrenen Hohlwege waren aber noch in anderer Hinsicht gef\u00e4hrlich: Wenn R\u00e4uber den Postkutschen auflauerten, dann wurden die Hohlwege schnell zur Falle.<\/p>\n<p>Der Weg zwischen Niese und Rischenau galt als gef\u00e4hrlichster Abschnitt auf der Route. Bei Eis oder starkem Regen war es lebensgef\u00e4hrlich, diesen Streckenabschnitt meistern zu wollen. Hier am Scharpenberg war die Steigung so steil (110 H\u00f6henmeter), dass die Postkutschen nur mit Vorspann fahren konnten. Daf\u00fcr wurden zus\u00e4tzliche Pferde in der Poststation Rischenau gehalten. Im Volksmund hei\u00dft der Berg deshalb auch \u201eGuileberg\u201c (G\u00e4uleberg).<\/p>\n<p>1853 wurde eine neue Chaussee von Rischenau nach L\u00f6wendorf fertig gestellt. Die alte Verbindung verlor an Bedeutung, blieb jedoch als Kommunalweg weiter bestehen. Im Jahr 1976 wurde der Weg in weiten Teilen neu asphaltiert. Im Bereich der \u201eGuileberges\u201c wurde er zudem verlegt, indem man ein neues, weniger steiles Teilst\u00fcck parallel zu Stra\u00dfe erbaute.<\/p>\n<p>Die Natur hat sich den alten Wegverlauf St\u00fcck f\u00fcr St\u00fcck zur\u00fcckerobert. Beim genauen Hinschauen kann man jedoch an einigen Stellen den alten Verlauf und die alten Pflastersteine erkennen.<\/p>\n<p>Im M\u00e4rz 1903 wurde die Personenbef\u00f6rderung per Postkutsche aufgegeben. In den Folgejahren betrieb ein Landwirt aus Rischenau ein privates Personenfuhrwerk.<\/p>\n<p>Ab 1922 verkehrten Postbusse zwischen L\u00fcgde, Rischenau und H\u00f6xter.<\/p>","protected":false},"excerpt":{"rendered":"<p>Foto: Letzte Postkutsche vor der Posthalterei (Quelle: Heimat- und Verkehrsverein Rischenau e.V.) Genau an dieser Stelle \u00a0verlief noch im letzten Jahrhundert die Poststra\u00dfe, die von Rischenau \u00fcber diesen Berg nach Niese f\u00fchrte. Der alte Hohlweg ist bei genauem Hinsehen noch heute im Wald erkennbar. Im Sp\u00e4tmittelalter war Rischenau ein wichtiger Verkehrsknotenpunkt f\u00fcr die Postkutschen, die [&hellip;]<\/p>\n","protected":false},"author":1,"featured_media":1981,"parent":0,"menu_order":0,"comment_status":"open","ping_status":"open","template":"","meta":{"ngg_post_thumbnail":0},"_links":{"self":[{"href":"https:\/\/luegde.sawah.mobi\/index.php?rest_route=\/wp\/v2\/pages\/1979"}],"collection":[{"href":"https:\/\/luegde.sawah.mobi\/index.php?rest_route=\/wp\/v2\/pages"}],"about":[{"href":"https:\/\/luegde.sawah.mobi\/index.php?rest_route=\/wp\/v2\/types\/page"}],"author":[{"embeddable":true,"href":"https:\/\/luegde.sawah.mobi\/index.php?rest_route=\/wp\/v2\/users\/1"}],"replies":[{"embeddable":true,"href":"https:\/\/luegde.sawah.mobi\/index.php?rest_route=%2Fwp%2Fv2%2Fcomments&post=1979"}],"version-history":[{"count":4,"href":"https:\/\/luegde.sawah.mobi\/index.php?rest_route=\/wp\/v2\/pages\/1979\/revisions"}],"predecessor-version":[{"id":2056,"href":"https:\/\/luegde.sawah.mobi\/index.php?rest_route=\/wp\/v2\/pages\/1979\/revisions\/2056"}],"wp:featuredmedia":[{"embeddable":true,"href":"https:\/\/luegde.sawah.mobi\/index.php?rest_route=\/wp\/v2\/media\/1981"}],"wp:attachment":[{"href":"https:\/\/luegde.sawah.mobi\/index.php?rest_route=%2Fwp%2Fv2%2Fmedia&parent=1979"}],"curies":[{"name":"wp","href":"https:\/\/api.w.org\/{rel}","templated":true}]}}