{"id":1983,"date":"2014-04-24T15:49:35","date_gmt":"2014-04-24T13:49:35","guid":{"rendered":"https:\/\/luegde.sawah.mobi\/?page_id=1983"},"modified":"2014-05-18T10:46:40","modified_gmt":"2014-05-18T08:46:40","slug":"fernblick-und-schatzsuche","status":"publish","type":"page","link":"https:\/\/luegde.sawah.mobi\/?page_id=1983","title":{"rendered":"Fernblick und Schatzsuche"},"content":{"rendered":"<p><em>Foto: Fernblick am K\u00f6terberg (Quelle: Stadt L\u00fcgde)<\/em><\/p>\n<p>Einst zogen die beiden Br\u00fcder Wilhelm und Jacob Grimm durch das Land und sammelten in den D\u00f6rfern die Geschichten und Sagen der einfachen Leute. Auf ihrer Reise besuchte das Br\u00fcderpaar auch die Ortschaften rund um den K\u00f6terberg. So erfuhren Sie von der Sage der beiden Riesen, die sich von Berg zu Berg H\u00e4mmer zuwarfen, dem M\u00e4rchen \u201eDie drei V\u00f6gelchen\u201c und von Sch\u00e4tzen, die tief im K\u00f6terberg versteckt liegen. Demnach soll sich im Berg eine mit Gold und Silber gef\u00fcllte Schatzkammer befinden, die bisher nur ein einziges Mal ge\u00f6ffnet wurde. Da der Sch\u00e4fer, der mithilfe einer Springwurzel den Eingang zur H\u00f6hle fand, vor lauter Habgier den Schl\u00fcssel liegen lie\u00df, ist der Eingang seitdem verschlossen.<\/p>\n<p>Ebenso wie die vielen Besucher der Gegenwart, waren die Br\u00fcder Grimm vermutlich nicht nur von den Sagen begeistert, sondern auch von der fantastischen Aussicht, die sie 1814 bei ihrem Aufstieg genie\u00dfen konnten. Mit seinen 496 Metern ist der K\u00f6terberg der h\u00f6chste Berg des Lipper Berglandes. Der Gipfel bietet rundum einen freien Blick ins Weserbergland und den Teutoburger Wald. 62 Ortschaften der L\u00e4nder Nordrhein-Westfalen, Niedersachsen und Hessen liegen in Sichtweite des Gipfels. Die fantastische Fernsicht reicht vom Hermannsdenkmal in Detmold und der Porta Westfalica, bis hin zum Herkules bei Kassel und dem Brocken im Harz.<\/p>\n<p>Im Laufe der Geschichte war der K\u00f6terberg wegen seiner exponierten Lage von allen Seiten begehrt. Noch heute treffen sich am K\u00f6terberg die Grenzen von zwei Bundesl\u00e4ndern (Niedersachsen und Nordrhein-Westfalen) und von drei Landkreisen (Lippe, Holzminden und H\u00f6xter).<\/p>\n<p>Die Grenzlage war es auch, die dem Berg seinen Namen einbrachte. Der Name K\u00f6terberg, von den Einheimischen liebevoll `Monte Wauwau\u00b4 genannt, wird 1430 erstmals urkundlich erw\u00e4hnt. Der Anlass war eine Grenzziehung zwischen der Grafschaft Lippe, dem F\u00fcrstbistum Paderborn und dem Herzogtum Braunschweig-L\u00fcneburg. Man vermutete Erzvorkommen in den Tiefen des K\u00f6terbergs und wollte sich die Rechte sichern. Grenzberg hie\u00df \u201eK\u00fcteberg\u201c, woraus dann K\u00f6tterberg und schlie\u00dflich K\u00f6terberg wurde.<\/p>\n<p>Die Br\u00fcder Grimm nannten den K\u00f6terberg in ihren Deutschen M\u00e4rchen auch G\u00f6tzenberg, weil dort die G\u00f6tter der Heiden angebetet wurden.<\/p>","protected":false},"excerpt":{"rendered":"<p>Foto: Fernblick am K\u00f6terberg (Quelle: Stadt L\u00fcgde) Einst zogen die beiden Br\u00fcder Wilhelm und Jacob Grimm durch das Land und sammelten in den D\u00f6rfern die Geschichten und Sagen der einfachen Leute. Auf ihrer Reise besuchte das Br\u00fcderpaar auch die Ortschaften rund um den K\u00f6terberg. So erfuhren Sie von der Sage der beiden Riesen, die sich [&hellip;]<\/p>\n","protected":false},"author":1,"featured_media":1984,"parent":0,"menu_order":0,"comment_status":"open","ping_status":"open","template":"","meta":{"ngg_post_thumbnail":0},"_links":{"self":[{"href":"https:\/\/luegde.sawah.mobi\/index.php?rest_route=\/wp\/v2\/pages\/1983"}],"collection":[{"href":"https:\/\/luegde.sawah.mobi\/index.php?rest_route=\/wp\/v2\/pages"}],"about":[{"href":"https:\/\/luegde.sawah.mobi\/index.php?rest_route=\/wp\/v2\/types\/page"}],"author":[{"embeddable":true,"href":"https:\/\/luegde.sawah.mobi\/index.php?rest_route=\/wp\/v2\/users\/1"}],"replies":[{"embeddable":true,"href":"https:\/\/luegde.sawah.mobi\/index.php?rest_route=%2Fwp%2Fv2%2Fcomments&post=1983"}],"version-history":[{"count":2,"href":"https:\/\/luegde.sawah.mobi\/index.php?rest_route=\/wp\/v2\/pages\/1983\/revisions"}],"predecessor-version":[{"id":2048,"href":"https:\/\/luegde.sawah.mobi\/index.php?rest_route=\/wp\/v2\/pages\/1983\/revisions\/2048"}],"wp:featuredmedia":[{"embeddable":true,"href":"https:\/\/luegde.sawah.mobi\/index.php?rest_route=\/wp\/v2\/media\/1984"}],"wp:attachment":[{"href":"https:\/\/luegde.sawah.mobi\/index.php?rest_route=%2Fwp%2Fv2%2Fmedia&parent=1983"}],"curies":[{"name":"wp","href":"https:\/\/api.w.org\/{rel}","templated":true}]}}