{"id":1989,"date":"2014-04-24T16:03:03","date_gmt":"2014-04-24T14:03:03","guid":{"rendered":"https:\/\/luegde.sawah.mobi\/?page_id=1989"},"modified":"2014-05-18T10:48:49","modified_gmt":"2014-05-18T08:48:49","slug":"silbersieksteich","status":"publish","type":"page","link":"https:\/\/luegde.sawah.mobi\/?page_id=1989","title":{"rendered":"Silbersieksteich"},"content":{"rendered":"<p>Im Hummerser und Falkenhagener Gebiet sorgt eine geologische Besonderheit daf\u00fcr, dass in diesem Bereich Schwefel- und Eisenkies enthalten ist. Vermutlich bauten die Menschen bereits im Mittelalter diesen Kies ab. Anfang des 16. Jahrhunderts wurde man erneut auf diese Vorkommen aufmerksam und versuchte das Erz abzubauen. Dieser Versuch und auch weitere Versuche Mitte und Ende des damaligen Jahrhunderts blieben jedoch erfolglos. Obwohl eigens ein Bergwerk errichtet wurde, waren s\u00e4mtliche Steine ohne Erzgehalt und damit unbrauchbar. Viele Jahre sp\u00e4ter versuchte man erneut sich den vorhandenen Schwefelkies nutzbar zu machen. Dabei wurde 1863 ein Schwefelkiesfl\u00f6z entdeckt, der von Schwalenberg bis nach Hummersen reichte. Dem damaligen Entdecker wurde zwei Jahre sp\u00e4ter der Erzabbau genehmigt. daraufhin entstand in Hummersen die Grube \u201eVolkwin\u201c. Ab 1865 begann der Abbau des Schwefelkies, wurde jedoch schon zwei Jahre sp\u00e4ter aufgrund politischer Unruhen wieder eingestellt. Weitere neue Anl\u00e4ufe in den Folgejahren blieben erfolglos. Da w\u00e4hrend des 1. Weltkriegs gr\u00f6\u00dfere Mengen Schwefels\u00e4ure f\u00fcr Munition gebraucht wurden, griff man erneut auf die Vorkommen in Hummersen zur\u00fcck und baute zwei Stollen unweit des Silberbaches. Doch der Abbau war nicht rentabel und wurde schnell wieder eingestellt.<\/p>\n<p>Silber wurde in Hummersen nie gefunden. Heute erinnert der Silbersieksteich an die Zeiten des Hummerser Bergbaus.<\/p>\n<p>Rund um einen mittelalterlichen Bergwerksstollen rankt sich eine Sage, die sich noch heute in Hummersen erz\u00e4hlt wird. Der Sage nach werden die Kinder in Hummersen nicht vom Storch gebracht, sondern die Hebamme holt die Kinder aus dem Klingelborn. Der Eingangsbereich wurde schon vor vielen Jahren durch herabrutschendes Erdreich versch\u00fcttet. Durch das Wasser im Stollenhohlraum ergeben sich die \u201eKlingelt\u00f6ne\u201c, die diesem Ort seinen Namen gaben.<\/p>","protected":false},"excerpt":{"rendered":"<p>Im Hummerser und Falkenhagener Gebiet sorgt eine geologische Besonderheit daf\u00fcr, dass in diesem Bereich Schwefel- und Eisenkies enthalten ist. Vermutlich bauten die Menschen bereits im Mittelalter diesen Kies ab. Anfang des 16. Jahrhunderts wurde man erneut auf diese Vorkommen aufmerksam und versuchte das Erz abzubauen. Dieser Versuch und auch weitere Versuche Mitte und Ende des [&hellip;]<\/p>\n","protected":false},"author":1,"featured_media":1990,"parent":0,"menu_order":0,"comment_status":"open","ping_status":"open","template":"","meta":{"ngg_post_thumbnail":0},"_links":{"self":[{"href":"https:\/\/luegde.sawah.mobi\/index.php?rest_route=\/wp\/v2\/pages\/1989"}],"collection":[{"href":"https:\/\/luegde.sawah.mobi\/index.php?rest_route=\/wp\/v2\/pages"}],"about":[{"href":"https:\/\/luegde.sawah.mobi\/index.php?rest_route=\/wp\/v2\/types\/page"}],"author":[{"embeddable":true,"href":"https:\/\/luegde.sawah.mobi\/index.php?rest_route=\/wp\/v2\/users\/1"}],"replies":[{"embeddable":true,"href":"https:\/\/luegde.sawah.mobi\/index.php?rest_route=%2Fwp%2Fv2%2Fcomments&post=1989"}],"version-history":[{"count":2,"href":"https:\/\/luegde.sawah.mobi\/index.php?rest_route=\/wp\/v2\/pages\/1989\/revisions"}],"predecessor-version":[{"id":2058,"href":"https:\/\/luegde.sawah.mobi\/index.php?rest_route=\/wp\/v2\/pages\/1989\/revisions\/2058"}],"wp:featuredmedia":[{"embeddable":true,"href":"https:\/\/luegde.sawah.mobi\/index.php?rest_route=\/wp\/v2\/media\/1990"}],"wp:attachment":[{"href":"https:\/\/luegde.sawah.mobi\/index.php?rest_route=%2Fwp%2Fv2%2Fmedia&parent=1989"}],"curies":[{"name":"wp","href":"https:\/\/api.w.org\/{rel}","templated":true}]}}