{"id":1997,"date":"2014-04-24T16:14:19","date_gmt":"2014-04-24T14:14:19","guid":{"rendered":"https:\/\/luegde.sawah.mobi\/?page_id=1997"},"modified":"2014-05-18T10:45:46","modified_gmt":"2014-05-18T08:45:46","slug":"beschwerliche-schulwege","status":"publish","type":"page","link":"https:\/\/luegde.sawah.mobi\/?page_id=1997","title":{"rendered":"Beschwerliche Schulwege"},"content":{"rendered":"<p><em>Foto: Klassenzimmer im 19.Jahrhundert (Quelle: www.kinder-lippe.de)<\/em><\/p>\n<p><span style=\"line-height: 1.5;\">An dieser Stelle stand bis Juli 2013 die alte evangelische Schule von Sabbenhausen. Nach einem Brand 2011 wurde beschlossen das Geb\u00e4ude nicht zu sanieren, sondern abzurei\u00dfen und an gleicher Stelle einen neuen Dorfplatz zu errichten. Das T\u00fcrmchen der alten Schule wurde beim Abriss verschont und erinnert so an dieses historische Geb\u00e4ude und die damaligen Schulverh\u00e4ltnisse.<\/span><\/p>\n<p>Die Geschichte von Sabbenhausen ist eng verbunden mit dem Kloster Falkenhagen. Hier gaben die Jesuiten ab 1604 den ersten Schulunterricht f\u00fcr die Kinder ihres Pfarrbezirkes. F\u00fcr die Kinder aus den umliegenden D\u00f6rfern bedeutete dies\u00a0 t\u00e4glich lange Fu\u00dfwege nach Falkenhagen.<\/p>\n<p>Um Strafe zu vermeiden, hatten sie p\u00fcnktlich um 7 Uhr zum Unterricht zu erscheinen. Die Sabbenhausener Kinder machten sich im Sommer bereits um 5 Uhr auf den Weg, denn vor dem Unterricht musste um 6:15 Uhr noch die Heilige Messe besucht werden. Besonders m\u00fchsam war der Schulweg im Winter, wenn der 3 km lange Weg \u00fcber den Klosterberg in v\u00f6lliger Dunkelheit und bei oftmals hohem Schnee zur\u00fcckgelegt werden musste.<\/p>\n<p>Wenn die Kinder am fr\u00fchen Nachmittag von der Schule zur\u00fcckkehrten, mussten viele von ihnen im landwirtschaftlichen Betrieb der Eltern mithelfen und somit blieb nur der sp\u00e4te Abend f\u00fcr die Schularbeiten.<\/p>\n<p>Um diesen Zustand zu mildern, setzten sich die Eltern daf\u00fcr ein, eigene Dorfschulen zu errichten. Ab 1800 wurden die evangelischen Kinder bereits in einem kleinen Wohnhaus unterrichtet und 1884 erhielt Sabbenhausen die evangelische Schule. Auch die Eltern der katholischen Kinder dr\u00e4ngten auf eine eigene Schule im Ort, um den Kindern den Weg nach Falkenhagen zu ersparen. Der Bischof stimmte diesem Antrag zu und 1887 wurde die erste katholische Schule in Sabbenhausen eingeweiht.<\/p>\n<p>1937 wurden alle Bekenntnisschulen aufgel\u00f6st und zu Gemeinschaftsschulen erkl\u00e4rt. Man legte beide Schulen zusammen und unterrichtete die Kinder gemeinsam im ehemals evangelischen Schulgeb\u00e4ude. Im \u201eSchulgesetz vom 8. April 1952\u201c wurde die konfessionelle Trennung der Schulen wieder zugelassen. 1955 wurde die katholische Schule wieder eingerichtet. 1959 wurde eine neue evangelische Schule gebaut, die heute als Kindergarten dient.<\/p>\n<p>In den 60er Jahren wurde das Schulwesen umstrukturiert und der Schulunterricht in Sabbenhausen eingestellt. Die Kinder fahren heute in die Grundschulen nach Rischenau oder L\u00fcgde. Das ehemalige katholische Schulgeb\u00e4ude musste f\u00fcr den Stra\u00dfenausbau weichen.<\/p>","protected":false},"excerpt":{"rendered":"<p>Foto: Klassenzimmer im 19.Jahrhundert (Quelle: www.kinder-lippe.de) An dieser Stelle stand bis Juli 2013 die alte evangelische Schule von Sabbenhausen. Nach einem Brand 2011 wurde beschlossen das Geb\u00e4ude nicht zu sanieren, sondern abzurei\u00dfen und an gleicher Stelle einen neuen Dorfplatz zu errichten. Das T\u00fcrmchen der alten Schule wurde beim Abriss verschont und erinnert so an dieses [&hellip;]<\/p>\n","protected":false},"author":1,"featured_media":1998,"parent":0,"menu_order":0,"comment_status":"open","ping_status":"open","template":"","meta":{"ngg_post_thumbnail":0},"_links":{"self":[{"href":"https:\/\/luegde.sawah.mobi\/index.php?rest_route=\/wp\/v2\/pages\/1997"}],"collection":[{"href":"https:\/\/luegde.sawah.mobi\/index.php?rest_route=\/wp\/v2\/pages"}],"about":[{"href":"https:\/\/luegde.sawah.mobi\/index.php?rest_route=\/wp\/v2\/types\/page"}],"author":[{"embeddable":true,"href":"https:\/\/luegde.sawah.mobi\/index.php?rest_route=\/wp\/v2\/users\/1"}],"replies":[{"embeddable":true,"href":"https:\/\/luegde.sawah.mobi\/index.php?rest_route=%2Fwp%2Fv2%2Fcomments&post=1997"}],"version-history":[{"count":2,"href":"https:\/\/luegde.sawah.mobi\/index.php?rest_route=\/wp\/v2\/pages\/1997\/revisions"}],"predecessor-version":[{"id":2044,"href":"https:\/\/luegde.sawah.mobi\/index.php?rest_route=\/wp\/v2\/pages\/1997\/revisions\/2044"}],"wp:featuredmedia":[{"embeddable":true,"href":"https:\/\/luegde.sawah.mobi\/index.php?rest_route=\/wp\/v2\/media\/1998"}],"wp:attachment":[{"href":"https:\/\/luegde.sawah.mobi\/index.php?rest_route=%2Fwp%2Fv2%2Fmedia&parent=1997"}],"curies":[{"name":"wp","href":"https:\/\/api.w.org\/{rel}","templated":true}]}}