{"id":2004,"date":"2014-04-24T16:23:44","date_gmt":"2014-04-24T14:23:44","guid":{"rendered":"https:\/\/luegde.sawah.mobi\/?page_id=2004"},"modified":"2014-05-18T10:46:19","modified_gmt":"2014-05-18T08:46:19","slug":"der-letzte-scharfrichter","status":"publish","type":"page","link":"https:\/\/luegde.sawah.mobi\/?page_id=2004","title":{"rendered":"Der letzte Scharfrichter"},"content":{"rendered":"<p><em>Foto: Das Scharfrichterkreuz an der Kilianskirche (Quelle: www.teutoburger-maerchen-wald.de)<\/em><\/p>\n<p>Hier auf dem Bierberg stand der letzte Galgen L\u00fcgdes. Bevor der Galgen auf dem Bierberg errichtet wurde, teilte sich L\u00fcgde eine Richtst\u00e4tte mit Bad Pyrmont in der N\u00e4he des Pyrmonter Bahnhofs. Als sich die Beziehungen zwischen den beiden St\u00e4dten verschlechterten, wurde von den L\u00fcgdern ein zus\u00e4tzlicher Galgen errichtet. Der Galgen hatte die Form eines Fu\u00dfballtores. An mehreren Schn\u00fcren konnten gleichzeitig mehrere Personen geh\u00e4ngt werden.<\/p>\n<p>Es war nicht un\u00fcblich, die Hinrichtungsst\u00e4tte erh\u00f6ht und au\u00dferhalb des Ortes aufzustellen. Der Bierberg wurde von den Menschen gemieden, da man f\u00fcrchtete, dass die S\u00fcnde auf jeden Menschen \u00fcberging, der mit dem Galgen in Kontakt kam. Die Menschen gaben ihm unterschiedliche Namen: Man nannte den Berg auch \u201eSchinderpohl\u201c oder \u201eKr\u00e4henbrink\u201c, da Tod und Verwesung Kr\u00e4hen anlockten.<\/p>\n<p>Hinrichtungen wurden im Mittelalter vom \u00f6rtlichen Scharfrichter vollzogen. Sie waren nicht nur Vollstrecker, sondern auch Diener der Justiz. Zu ihren Aufgaben geh\u00f6rte das Erzwingen von Gest\u00e4ndnissen durch Folter. Dies erforderte medizinische und anatomische Kenntnisse, um absch\u00e4tzen zu k\u00f6nnen, welche Torturen der \u201eS\u00fcnder\u201c aushalten konnte, ohne daran zu sterben. Dieses Wissen f\u00fchrte oft dazu, dass Scharfrichter sich nebenher auch als Heiler und Chirurgen etwas hinzu verdienten, sehr zum Unmut der \u00f6rtlichen \u00c4rzte.<\/p>\n<p>Die Ausbildung erhielt der Scharfrichter in der Regel durch seinen Vater, der das Amt an ihn weiter gab. Die Ausbildung endete mit der \u201eMeisterprobe\u201c: dem nach allen Regeln der Kunst mit dem Schwert abgeschlagenen Kopf eines Verurteilten.<\/p>\n<p>Auch wenn der Berufsstand als verm\u00f6gend angesehen wurde, lebten Scharfrichter oft auf vielf\u00e4ltige Art gesellschaftlich isoliert. Sie heirateten meist nur innerhalb ihrer Kreise.<\/p>\n<p>Ihre Arbeit umgab sie mit einer unheimlichen Aura, die Menschen mieden sie und im Wirtshaus und in der Kirche waren ihnen bestimmte Pl\u00e4tze zugewiesen.<\/p>\n<p>Der letzte L\u00fcgder Scharfrichter war Mathias Br\u00f6cker (\u20201691). Das Scharfrichterkreuz vor der St. Kilianskirche erinnert noch an ihn und auch seine Bank in der Kilianskirche. Als der Sohn von Mathias Br\u00f6cker das Amt seines Vaters \u00fcbernehmen sollte, fl\u00fcchtete er aus L\u00fcgde und wurde nie wieder gesehen. Von da an blieb der Posten unbesetzt.<\/p>\n<p>Der letzte Scharfrichter auf deutschem Boden beendete 1981 seine T\u00e4tigkeit.<\/p>","protected":false},"excerpt":{"rendered":"<p>Foto: Das Scharfrichterkreuz an der Kilianskirche (Quelle: www.teutoburger-maerchen-wald.de) Hier auf dem Bierberg stand der letzte Galgen L\u00fcgdes. Bevor der Galgen auf dem Bierberg errichtet wurde, teilte sich L\u00fcgde eine Richtst\u00e4tte mit Bad Pyrmont in der N\u00e4he des Pyrmonter Bahnhofs. Als sich die Beziehungen zwischen den beiden St\u00e4dten verschlechterten, wurde von den L\u00fcgdern ein zus\u00e4tzlicher Galgen [&hellip;]<\/p>\n","protected":false},"author":1,"featured_media":2006,"parent":0,"menu_order":0,"comment_status":"open","ping_status":"open","template":"","meta":{"ngg_post_thumbnail":0},"_links":{"self":[{"href":"https:\/\/luegde.sawah.mobi\/index.php?rest_route=\/wp\/v2\/pages\/2004"}],"collection":[{"href":"https:\/\/luegde.sawah.mobi\/index.php?rest_route=\/wp\/v2\/pages"}],"about":[{"href":"https:\/\/luegde.sawah.mobi\/index.php?rest_route=\/wp\/v2\/types\/page"}],"author":[{"embeddable":true,"href":"https:\/\/luegde.sawah.mobi\/index.php?rest_route=\/wp\/v2\/users\/1"}],"replies":[{"embeddable":true,"href":"https:\/\/luegde.sawah.mobi\/index.php?rest_route=%2Fwp%2Fv2%2Fcomments&post=2004"}],"version-history":[{"count":4,"href":"https:\/\/luegde.sawah.mobi\/index.php?rest_route=\/wp\/v2\/pages\/2004\/revisions"}],"predecessor-version":[{"id":2047,"href":"https:\/\/luegde.sawah.mobi\/index.php?rest_route=\/wp\/v2\/pages\/2004\/revisions\/2047"}],"wp:featuredmedia":[{"embeddable":true,"href":"https:\/\/luegde.sawah.mobi\/index.php?rest_route=\/wp\/v2\/media\/2006"}],"wp:attachment":[{"href":"https:\/\/luegde.sawah.mobi\/index.php?rest_route=%2Fwp%2Fv2%2Fmedia&parent=2004"}],"curies":[{"name":"wp","href":"https:\/\/api.w.org\/{rel}","templated":true}]}}