{"id":2014,"date":"2014-04-24T16:39:12","date_gmt":"2014-04-24T14:39:12","guid":{"rendered":"https:\/\/luegde.sawah.mobi\/?page_id=2014"},"modified":"2014-05-18T10:22:25","modified_gmt":"2014-05-18T08:22:25","slug":"die-stadt-luegde","status":"publish","type":"page","link":"https:\/\/luegde.sawah.mobi\/?page_id=2014","title":{"rendered":"Der Osterr\u00e4derlauf"},"content":{"rendered":"<p>Traditionell am Ostersonntag findet in L\u00fcgde der geschichtstr\u00e4chtige Osterr\u00e4derlauf statt. Bei Einbruch der Dunkelheit rollen sechs mit Stroh gestopfte Feuerr\u00e4der vom Gipfel des Osterberges im freien Lauf talw\u00e4rts. Dieses Ereignis lockt jedes Jahr tausende Besucher in die sch\u00f6ne historische Altstadt von L\u00fcgde.<br \/>\nDer Lauf der brennenden Osterr\u00e4der ist bereits seit Jahrhunderten Tradition in L\u00fcgde. Wie in jedem Jahr werden, der Sitte der V\u00e4ter folgend, die sechs mannshohen Eichenr\u00e4der mit langem Roggenstroh gestopft und am Ostersonntag bei Anbruch der Dunkelheit brennend auf eine etwa 650 Meter lange Laufbahn ins Tal geschickt. Mit lautem Jubel der Zuschauer am Fu\u00dfe des Osterbergs, einem Tusch des Blasorchesters und Glockengel\u00e4ut wird jedes Rad im Tal empfangen. Als Abschluss wird vom Osterberg aus ein eindrucksvolles H\u00f6henfeuerwerk gez\u00fcndet.<br \/>\nAusrichter und Veranstalter dieses einzigartigen Brauchtums in der Dechenverein L\u00fcgde. Die Dechen, nach einer mittelalterlichen Bezeichnung f\u00fcr Brauchtumsw\u00e4chter, z\u00e4hlen in ihrem Verein \u00fcber 600 Mitglieder und pflegen diese Tradition schon \u00fcber mehrere Generationen.<\/p>","protected":false},"excerpt":{"rendered":"<p>Traditionell am Ostersonntag findet in L\u00fcgde der geschichtstr\u00e4chtige Osterr\u00e4derlauf statt. Bei Einbruch der Dunkelheit rollen sechs mit Stroh gestopfte Feuerr\u00e4der vom Gipfel des Osterberges im freien Lauf talw\u00e4rts. Dieses Ereignis lockt jedes Jahr tausende Besucher in die sch\u00f6ne historische Altstadt von L\u00fcgde. Der Lauf der brennenden Osterr\u00e4der ist bereits seit Jahrhunderten Tradition in L\u00fcgde. Wie [&hellip;]<\/p>\n","protected":false},"author":1,"featured_media":2153,"parent":0,"menu_order":0,"comment_status":"open","ping_status":"open","template":"","meta":{"ngg_post_thumbnail":0},"_links":{"self":[{"href":"https:\/\/luegde.sawah.mobi\/index.php?rest_route=\/wp\/v2\/pages\/2014"}],"collection":[{"href":"https:\/\/luegde.sawah.mobi\/index.php?rest_route=\/wp\/v2\/pages"}],"about":[{"href":"https:\/\/luegde.sawah.mobi\/index.php?rest_route=\/wp\/v2\/types\/page"}],"author":[{"embeddable":true,"href":"https:\/\/luegde.sawah.mobi\/index.php?rest_route=\/wp\/v2\/users\/1"}],"replies":[{"embeddable":true,"href":"https:\/\/luegde.sawah.mobi\/index.php?rest_route=%2Fwp%2Fv2%2Fcomments&post=2014"}],"version-history":[{"count":6,"href":"https:\/\/luegde.sawah.mobi\/index.php?rest_route=\/wp\/v2\/pages\/2014\/revisions"}],"predecessor-version":[{"id":2227,"href":"https:\/\/luegde.sawah.mobi\/index.php?rest_route=\/wp\/v2\/pages\/2014\/revisions\/2227"}],"wp:featuredmedia":[{"embeddable":true,"href":"https:\/\/luegde.sawah.mobi\/index.php?rest_route=\/wp\/v2\/media\/2153"}],"wp:attachment":[{"href":"https:\/\/luegde.sawah.mobi\/index.php?rest_route=%2Fwp%2Fv2%2Fmedia&parent=2014"}],"curies":[{"name":"wp","href":"https:\/\/api.w.org\/{rel}","templated":true}]}}