{"id":2016,"date":"2014-04-24T16:39:30","date_gmt":"2014-04-24T14:39:30","guid":{"rendered":"https:\/\/luegde.sawah.mobi\/?page_id=2016"},"modified":"2014-05-15T11:41:13","modified_gmt":"2014-05-15T09:41:13","slug":"stadt-der-osterraeder","status":"publish","type":"page","link":"https:\/\/luegde.sawah.mobi\/?page_id=2016","title":{"rendered":"Der historische Stadtkern"},"content":{"rendered":"<p>Die Gr\u00fcndung der Stadt wird auf etwa 1245 datiert, Verleihungsurkunden der Stadtprivilegien sind nicht mehr erhalten. Sicher ist jedoch, dass die Stadt nach dem \u201eLipp. 3-Stra\u00dfenmodell\u201d angelegt worden ist, das hei\u00dft f\u00fcr die Stadtgr\u00fcndung wurde lippisches Recht gew\u00e4hlt (etwa Stadtrecht von Lippstadt und Lemgo in vielleicht etwas abge\u00e4nderter Form). L\u00fcgde wurde als \u201eFestungskleinstadt\u201d planm\u00e4\u00dfig angelegt, sie war befestigter Mittelpunkt f\u00fcr die Territorialpolitik der Grafen von Pyrmont (bis zum Jahr 1668).<\/p>\n<p>Die Stadt wurde planm\u00e4\u00dfig angelegt, sie ist \u2013 trotz mehrerer Gro\u00dfbr\u00e4nde \u2013 nahezu im Grundrisscharakter erhalten geblieben. Die Altstadt wird gepr\u00e4gt durch die fr\u00fchklassizistischen Fachwerkackerb\u00fcrgerh\u00e4user mit ihren typischen hallenartigen Deelen und die Wall- und Grabenzone mit zwei komplett erhaltenen Stadtt\u00fcrmen und Stadtmauer. Drei dominierende L\u00e4ngsstra\u00dfen sind durch schmale Querstra\u00dfen leiterf\u00f6rmig miteinander verbunden, der lang-ovale Stadtgrundriss mit \u00fcberwiegend klein strukturierten Grundst\u00fccken ist bis heute praktisch unver\u00e4ndert erhalten geblieben. Die Grenzen des historischen Stadtkernes sind durch die etwa 1500 Meter lange Stadtmauer mit Wehrt\u00fcrmen und Wehrgraben deutlich ablesbar. Die Stadt geh\u00f6rt mit zu den geschlossensten Ackerb\u00fcrgerst\u00e4dten unseres Landes und ist deswegen auch Mitglied in der Gemeinschaft \u201eHistorische Stadtkerne in Ostwestfalen\/Lippe.\u201d<\/p>\n<p>Die Altstadt wurde von 1980\u20131991 mit erheblichen Aufwand saniert. Im Tiefbaubereich wurden Stra\u00dfen als verkehrsberuhigte Zonen neu angelegt. \u00dcber besondere F\u00f6rderprogramme wurden dann von den Anliegern Geb\u00e4ude renoviert und denkmalgerecht wiederhergestellt.<\/p>\n<p>Durch die Gebietsreform, die am 1. Januar 1970 in Kraft getreten ist, wurde die alte Stadt L\u00fcgde mit neun weiteren Gemeinden zur neuen Gro\u00dfgemeinde \u201eStadt L\u00fcgde\u201d zusammengefasst. Mit dieser Neuordnung schied das ehemalige Amt L\u00fcgde \u201eStadt L\u00fcgde und Gemeinde Harzberg\u201d aus dem Verband des Kreises H\u00f6xter aus, die neu gebildete Stadt geh\u00f6rt zum Kreis Lippe. Durch die Gro\u00dfgemeindebildung stieg die Einwohnerzahl von 6.000 auf rund 12.000 Einwohner und Einwohnerinnen.<\/p>","protected":false},"excerpt":{"rendered":"<p>Die Gr\u00fcndung der Stadt wird auf etwa 1245 datiert, Verleihungsurkunden der Stadtprivilegien sind nicht mehr erhalten. Sicher ist jedoch, dass die Stadt nach dem \u201eLipp. 3-Stra\u00dfenmodell\u201d angelegt worden ist, das hei\u00dft f\u00fcr die Stadtgr\u00fcndung wurde lippisches Recht gew\u00e4hlt (etwa Stadtrecht von Lippstadt und Lemgo in vielleicht etwas abge\u00e4nderter Form). L\u00fcgde wurde als \u201eFestungskleinstadt\u201d planm\u00e4\u00dfig angelegt, [&hellip;]<\/p>\n","protected":false},"author":1,"featured_media":2130,"parent":0,"menu_order":0,"comment_status":"open","ping_status":"open","template":"","meta":{"ngg_post_thumbnail":0},"_links":{"self":[{"href":"https:\/\/luegde.sawah.mobi\/index.php?rest_route=\/wp\/v2\/pages\/2016"}],"collection":[{"href":"https:\/\/luegde.sawah.mobi\/index.php?rest_route=\/wp\/v2\/pages"}],"about":[{"href":"https:\/\/luegde.sawah.mobi\/index.php?rest_route=\/wp\/v2\/types\/page"}],"author":[{"embeddable":true,"href":"https:\/\/luegde.sawah.mobi\/index.php?rest_route=\/wp\/v2\/users\/1"}],"replies":[{"embeddable":true,"href":"https:\/\/luegde.sawah.mobi\/index.php?rest_route=%2Fwp%2Fv2%2Fcomments&post=2016"}],"version-history":[{"count":5,"href":"https:\/\/luegde.sawah.mobi\/index.php?rest_route=\/wp\/v2\/pages\/2016\/revisions"}],"predecessor-version":[{"id":2138,"href":"https:\/\/luegde.sawah.mobi\/index.php?rest_route=\/wp\/v2\/pages\/2016\/revisions\/2138"}],"wp:featuredmedia":[{"embeddable":true,"href":"https:\/\/luegde.sawah.mobi\/index.php?rest_route=\/wp\/v2\/media\/2130"}],"wp:attachment":[{"href":"https:\/\/luegde.sawah.mobi\/index.php?rest_route=%2Fwp%2Fv2%2Fmedia&parent=2016"}],"curies":[{"name":"wp","href":"https:\/\/api.w.org\/{rel}","templated":true}]}}