{"id":2018,"date":"2014-04-24T16:42:04","date_gmt":"2014-04-24T14:42:04","guid":{"rendered":"https:\/\/luegde.sawah.mobi\/?page_id=2018"},"modified":"2014-05-16T12:45:33","modified_gmt":"2014-05-16T10:45:33","slug":"tourist-information","status":"publish","type":"page","link":"https:\/\/luegde.sawah.mobi\/?page_id=2018","title":{"rendered":"Tourist Information"},"content":{"rendered":"<p>In unserer Tourist-Information werden Sie \u00fcber die vielf\u00e4ltigen lokalen wie regionalen touristischen Angebote informiert und beraten. Wir helfen Ihnen bei der Suche nach Unterk\u00fcnften und bei der Gestaltung eines individuellen oder pauschalen Urlaubs-Aufenthaltes in L\u00fcgde.<\/p>\n<p>Gerne vermitteln wir Ihnen Stadtf\u00fchrungen oder auch gef\u00fchrte Wanderungen durch unsere herrliche Landschaft. In unserer Tourist-Info k\u00f6nnen Sie sich GPS-Ger\u00e4te oder Tablet-PC\u00b4s mit vorinstallierter Software ausleihen. Au\u00dferdem stehen zwei Elektro-Mountainbikes zum Verleih bereit.<\/p>\n<p>Selbstverst\u00e4ndlich halten wir auch unfangreiches Informationsmaterial, aber auch Literatur und Souvenirs f\u00fcr Sie bereit. Wenn wir Ihnen vorab Infomaterial zusenden sollen, rufen Sie uns an oder schreiben Sie uns.<\/p>\n<p>Wir freuen uns auf Sie!<\/p>\n<p>Tourist-Information im Rathaus<br \/>\nAm Markt 1<br \/>\n32676 L\u00fcgde<br \/>\nTel. 05281-7708-70<br \/>\ntouristinfo@luegde.de<\/p>\n<p>\u00d6ffnungszeiten:<br \/>\nMo: 09:00-12:45 und 14:00-18:00<br \/>\nDi und Mi: 09:00-12:45<br \/>\nDo: 09:00-12:45 und 14:00-16:00<br \/>\nFr: 09:00-12:00<\/p>","protected":false},"excerpt":{"rendered":"<p>In unserer Tourist-Information werden Sie \u00fcber die vielf\u00e4ltigen lokalen wie regionalen touristischen Angebote informiert und beraten. Wir helfen Ihnen bei der Suche nach Unterk\u00fcnften und bei der Gestaltung eines individuellen oder pauschalen Urlaubs-Aufenthaltes in L\u00fcgde. Gerne vermitteln wir Ihnen Stadtf\u00fchrungen oder auch gef\u00fchrte Wanderungen durch unsere herrliche Landschaft. In unserer Tourist-Info k\u00f6nnen Sie sich GPS-Ger\u00e4te [&hellip;]<\/p>\n","protected":false},"author":1,"featured_media":2127,"parent":0,"menu_order":0,"comment_status":"open","ping_status":"closed","template":"","meta":{"ngg_post_thumbnail":0},"_links":{"self":[{"href":"https:\/\/luegde.sawah.mobi\/index.php?rest_route=\/wp\/v2\/pages\/2018"}],"collection":[{"href":"https:\/\/luegde.sawah.mobi\/index.php?rest_route=\/wp\/v2\/pages"}],"about":[{"href":"https:\/\/luegde.sawah.mobi\/index.php?rest_route=\/wp\/v2\/types\/page"}],"author":[{"embeddable":true,"href":"https:\/\/luegde.sawah.mobi\/index.php?rest_route=\/wp\/v2\/users\/1"}],"replies":[{"embeddable":true,"href":"https:\/\/luegde.sawah.mobi\/index.php?rest_route=%2Fwp%2Fv2%2Fcomments&post=2018"}],"version-history":[{"count":7,"href":"https:\/\/luegde.sawah.mobi\/index.php?rest_route=\/wp\/v2\/pages\/2018\/revisions"}],"predecessor-version":[{"id":2187,"href":"https:\/\/luegde.sawah.mobi\/index.php?rest_route=\/wp\/v2\/pages\/2018\/revisions\/2187"}],"wp:featuredmedia":[{"embeddable":true,"href":"https:\/\/luegde.sawah.mobi\/index.php?rest_route=\/wp\/v2\/media\/2127"}],"wp:attachment":[{"href":"https:\/\/luegde.sawah.mobi\/index.php?rest_route=%2Fwp%2Fv2%2Fmedia&parent=2018"}],"curies":[{"name":"wp","href":"https:\/\/api.w.org\/{rel}","templated":true}]}}