{"id":2064,"date":"2014-05-13T12:52:22","date_gmt":"2014-05-13T10:52:22","guid":{"rendered":"https:\/\/luegde.sawah.mobi\/?page_id=2064"},"modified":"2014-05-18T10:52:29","modified_gmt":"2014-05-18T08:52:29","slug":"kilianskirche","status":"publish","type":"page","link":"https:\/\/luegde.sawah.mobi\/?page_id=2064","title":{"rendered":"Kilianskirche"},"content":{"rendered":"<p>S\u00fcdlich der heutigen Stadt L\u00fcgde steht auf einem Bergsporn inmitten eines fr\u00fcher befestigten Friedhofes die Sankt Kilianskirche. Sie weist in die Sachsenkriege Karls des Gro\u00dfen zur\u00fcck. In Karolingischer Zeit entstand hier eine (Vorg\u00e4nger-) Kirche, ein einschiffiger Saalbau mit rechteckigem Chor und einem sp\u00e4teren n\u00f6rdlichen Anbau. Dieser Bau bestand im Kern bis in das 12. Jahrhundert. Um das Jahr 1200 wurde die Kirche verl\u00e4ngert und im Westturm erh\u00f6ht. Es entstand in dieser Zeit die heutige Kilianskirche, eine romanische kreuzf\u00f6rmige Gew\u00f6lbebasilika mit hohem Mittelschiff und niedrigen Seitenschiffen, einem Ostquerhaus, einem Chorquadrat und runden Absiden im Chor wie an den Ostw\u00e4nden des Querhauses. Die Kreuzgratgew\u00f6lbe wurden nach Vorlage der Benediktinerklosterkirche zu Lippoldsberg an der Weser entworfen.<\/p>","protected":false},"excerpt":{"rendered":"<p>S\u00fcdlich der heutigen Stadt L\u00fcgde steht auf einem Bergsporn inmitten eines fr\u00fcher befestigten Friedhofes die Sankt Kilianskirche. Sie weist in die Sachsenkriege Karls des Gro\u00dfen zur\u00fcck. In Karolingischer Zeit entstand hier eine (Vorg\u00e4nger-) Kirche, ein einschiffiger Saalbau mit rechteckigem Chor und einem sp\u00e4teren n\u00f6rdlichen Anbau. Dieser Bau bestand im Kern bis in das 12. Jahrhundert. [&hellip;]<\/p>\n","protected":false},"author":2,"featured_media":2151,"parent":0,"menu_order":0,"comment_status":"open","ping_status":"open","template":"","meta":{"ngg_post_thumbnail":0},"_links":{"self":[{"href":"https:\/\/luegde.sawah.mobi\/index.php?rest_route=\/wp\/v2\/pages\/2064"}],"collection":[{"href":"https:\/\/luegde.sawah.mobi\/index.php?rest_route=\/wp\/v2\/pages"}],"about":[{"href":"https:\/\/luegde.sawah.mobi\/index.php?rest_route=\/wp\/v2\/types\/page"}],"author":[{"embeddable":true,"href":"https:\/\/luegde.sawah.mobi\/index.php?rest_route=\/wp\/v2\/users\/2"}],"replies":[{"embeddable":true,"href":"https:\/\/luegde.sawah.mobi\/index.php?rest_route=%2Fwp%2Fv2%2Fcomments&post=2064"}],"version-history":[{"count":2,"href":"https:\/\/luegde.sawah.mobi\/index.php?rest_route=\/wp\/v2\/pages\/2064\/revisions"}],"predecessor-version":[{"id":2170,"href":"https:\/\/luegde.sawah.mobi\/index.php?rest_route=\/wp\/v2\/pages\/2064\/revisions\/2170"}],"wp:featuredmedia":[{"embeddable":true,"href":"https:\/\/luegde.sawah.mobi\/index.php?rest_route=\/wp\/v2\/media\/2151"}],"wp:attachment":[{"href":"https:\/\/luegde.sawah.mobi\/index.php?rest_route=%2Fwp%2Fv2%2Fmedia&parent=2064"}],"curies":[{"name":"wp","href":"https:\/\/api.w.org\/{rel}","templated":true}]}}