{"id":2068,"date":"2014-05-13T12:53:10","date_gmt":"2014-05-13T10:53:10","guid":{"rendered":"https:\/\/luegde.sawah.mobi\/?page_id=2068"},"modified":"2014-05-16T08:19:25","modified_gmt":"2014-05-16T06:19:25","slug":"naturzeitreise","status":"publish","type":"page","link":"https:\/\/luegde.sawah.mobi\/?page_id=2068","title":{"rendered":"NaturZeitReise"},"content":{"rendered":"<p>Der Naturparktrail &#8222;Schwalenberger Wald&#8220; f\u00fchrt den Wanderer auf eine spannende Reise durch die geschichtstr\u00e4chtige Kulturlandschaft im S\u00fcdosten des Lipper Berglandes und zeigt wie eng das heutige Landschaftsbild mit historischen Nutzungsformen und Ereignissen verkn\u00fcpft ist. Die Menschen bauten nicht nur D\u00f6rfer und Stra\u00dfen, sie ver\u00e4nderten die Landschaft durch Viehhaltung, Land- und Forstwirtschaft. So sind die Teiche, die vern\u00e4ssten B\u00f6den sowie die Baumartenverteilung im Schwalenberger Wald ebenso durch Eingriffe des Menschen entstanden wie die Wallanlagen, Grenzsteine und das mittelalterliche Stadtwasser Schwalenbergs.<br \/>\nHeute ist der etwa 2.750 ha gro\u00dfe Schwalenberger Wald Naturschutz- und FFH-Gebiet mit einem Laubholzanteil von ca. 70%.<br \/>\nEntlang des Naturparktrails gibt es also viel zu sehen und zu erleben &#8211; lassen Sie sich \u00fcberraschen!<br \/>\nDer Gesamtrundweg ist ca. 27 km lang und kann in zwei Teilrouten erwandert werden. Die s\u00fcdliche Route entlang der Ortschaften Schwalenberg, Brakelsiek und Schieder ist 18 km lang, die n\u00f6rdliche Route verbindet Schieder, Harzberg, Elbrinxen und Schwalenberg und ist 18,5 km lang. Wandertafeln an den wichtigsten Ausgangspunkten informieren \u00fcber Streckenf\u00fchrung und -l\u00e4nge. Der Naturparktrail ist mit dem Symbol einer Sanduhr gekennzeichnet.<\/p>","protected":false},"excerpt":{"rendered":"<p>Der Naturparktrail &#8222;Schwalenberger Wald&#8220; f\u00fchrt den Wanderer auf eine spannende Reise durch die geschichtstr\u00e4chtige Kulturlandschaft im S\u00fcdosten des Lipper Berglandes und zeigt wie eng das heutige Landschaftsbild mit historischen Nutzungsformen und Ereignissen verkn\u00fcpft ist. Die Menschen bauten nicht nur D\u00f6rfer und Stra\u00dfen, sie ver\u00e4nderten die Landschaft durch Viehhaltung, Land- und Forstwirtschaft. So sind die Teiche, [&hellip;]<\/p>\n","protected":false},"author":2,"featured_media":2175,"parent":0,"menu_order":0,"comment_status":"open","ping_status":"open","template":"","meta":{"ngg_post_thumbnail":0},"_links":{"self":[{"href":"https:\/\/luegde.sawah.mobi\/index.php?rest_route=\/wp\/v2\/pages\/2068"}],"collection":[{"href":"https:\/\/luegde.sawah.mobi\/index.php?rest_route=\/wp\/v2\/pages"}],"about":[{"href":"https:\/\/luegde.sawah.mobi\/index.php?rest_route=\/wp\/v2\/types\/page"}],"author":[{"embeddable":true,"href":"https:\/\/luegde.sawah.mobi\/index.php?rest_route=\/wp\/v2\/users\/2"}],"replies":[{"embeddable":true,"href":"https:\/\/luegde.sawah.mobi\/index.php?rest_route=%2Fwp%2Fv2%2Fcomments&post=2068"}],"version-history":[{"count":3,"href":"https:\/\/luegde.sawah.mobi\/index.php?rest_route=\/wp\/v2\/pages\/2068\/revisions"}],"predecessor-version":[{"id":2177,"href":"https:\/\/luegde.sawah.mobi\/index.php?rest_route=\/wp\/v2\/pages\/2068\/revisions\/2177"}],"wp:featuredmedia":[{"embeddable":true,"href":"https:\/\/luegde.sawah.mobi\/index.php?rest_route=\/wp\/v2\/media\/2175"}],"wp:attachment":[{"href":"https:\/\/luegde.sawah.mobi\/index.php?rest_route=%2Fwp%2Fv2%2Fmedia&parent=2068"}],"curies":[{"name":"wp","href":"https:\/\/api.w.org\/{rel}","templated":true}]}}