{"id":2108,"date":"2014-05-15T09:33:14","date_gmt":"2014-05-15T07:33:14","guid":{"rendered":"https:\/\/luegde.sawah.mobi\/?page_id=2108"},"modified":"2018-09-27T10:11:08","modified_gmt":"2018-09-27T08:11:08","slug":"storchenstation-elbrinxen","status":"publish","type":"page","link":"https:\/\/luegde.sawah.mobi\/?page_id=2108","title":{"rendered":"Storchenstation Elbrinxen"},"content":{"rendered":"<p>Der Ortsteil Elbrinxen wird liebevoll auch Storchendorf genannt. Grund daf\u00fcr ist die Storchenstation in der jedes Fr\u00fchjahr zahlreiche Jungst\u00f6rche das Licht der Welt erblicken. Das idyllisch gelegene, rund 2500 Quadratmeter gro\u00dfe Storchengel\u00e4nde liegt direkt an der W\u00f6rmke, die durch das Dorf flie\u00dft. Das Gel\u00e4nde ist Heimat zahlricher Wei\u00dfstorch-Paare und ihrer Jungen. Auf eigens f\u00fcr die St\u00f6rche gebauten Nest-Unterbauten bauen die sieben Elbrinxer-St\u00f6rchenpaare jedes Fr\u00fchjahr Nester f\u00fcr ihre Nachwuchs. Drei bis vier Eier br\u00fctet jedes Paar 33 Tage lang aus, bis im Mai die rund 20 Jungtiere zur Welt kommen. Mittels einer Kamera, die an einem der Nester angebracht ist und die Bilder in das Vereinsheim \u00fcbertr\u00e4gt, k\u00f6nnen die Jungtiere bei der Aufzucht beobachtet werden. Das Klappern der St\u00f6rche ist in dieser Zeit weithin zu h\u00f6ren. Besonders spannend wird es, wenn die jungen St\u00f6rche ihre ersten Flugversuche unternehmen und schon wenige Tage sp\u00e4ter mit ihren Eltern die ersten Runden \u00fcber das Dorf drehen und in den Feldern nach Leckereien suchen.<\/p>\n<p>Mitte bis Ende August brechen die Jungtiere in Richtung S\u00fcden auf, wenige Wochen sp\u00e4ter folgen auch die Elterntiere. Dank einer Markierung am Fu\u00df kann der Elbrinxer Ursprung der Tiere immer zur\u00fcck verfolgt werden. Vier Paare f\u00fchlen sich in Elbrinxen jedoch so wohl, dass sie hier \u00fcberwintern. Dank der f\u00fcrsorglichen Unterst\u00fctzung des Storchenvereins fehlt es den Tieren auch im Winter an nichts.<\/p>\n<p>F\u00fchrungen durch die Anlage sind auf Anfrage m\u00f6glich.<\/p>\n","protected":false},"excerpt":{"rendered":"<p>Der Ortsteil Elbrinxen wird liebevoll auch Storchendorf genannt. Grund daf\u00fcr ist die Storchenstation in der jedes Fr\u00fchjahr zahlreiche Jungst\u00f6rche das Licht der Welt erblicken. Das idyllisch gelegene, rund 2500 Quadratmeter gro\u00dfe Storchengel\u00e4nde liegt direkt an der W\u00f6rmke, die durch das Dorf flie\u00dft. Das Gel\u00e4nde ist Heimat zahlricher Wei\u00dfstorch-Paare und ihrer Jungen. Auf eigens f\u00fcr die [&hellip;]<\/p>\n","protected":false},"author":2,"featured_media":2154,"parent":0,"menu_order":0,"comment_status":"open","ping_status":"open","template":"","meta":{"ngg_post_thumbnail":0},"_links":{"self":[{"href":"https:\/\/luegde.sawah.mobi\/index.php?rest_route=\/wp\/v2\/pages\/2108"}],"collection":[{"href":"https:\/\/luegde.sawah.mobi\/index.php?rest_route=\/wp\/v2\/pages"}],"about":[{"href":"https:\/\/luegde.sawah.mobi\/index.php?rest_route=\/wp\/v2\/types\/page"}],"author":[{"embeddable":true,"href":"https:\/\/luegde.sawah.mobi\/index.php?rest_route=\/wp\/v2\/users\/2"}],"replies":[{"embeddable":true,"href":"https:\/\/luegde.sawah.mobi\/index.php?rest_route=%2Fwp%2Fv2%2Fcomments&post=2108"}],"version-history":[{"count":2,"href":"https:\/\/luegde.sawah.mobi\/index.php?rest_route=\/wp\/v2\/pages\/2108\/revisions"}],"predecessor-version":[{"id":2255,"href":"https:\/\/luegde.sawah.mobi\/index.php?rest_route=\/wp\/v2\/pages\/2108\/revisions\/2255"}],"wp:featuredmedia":[{"embeddable":true,"href":"https:\/\/luegde.sawah.mobi\/index.php?rest_route=\/wp\/v2\/media\/2154"}],"wp:attachment":[{"href":"https:\/\/luegde.sawah.mobi\/index.php?rest_route=%2Fwp%2Fv2%2Fmedia&parent=2108"}],"curies":[{"name":"wp","href":"https:\/\/api.w.org\/{rel}","templated":true}]}}