{"id":2114,"date":"2014-05-15T10:07:38","date_gmt":"2014-05-15T08:07:38","guid":{"rendered":"https:\/\/luegde.sawah.mobi\/?page_id=2114"},"modified":"2014-07-15T09:21:09","modified_gmt":"2014-07-15T07:21:09","slug":"der-mythenweg-rund-um-die-herlingsburg","status":"publish","type":"page","link":"https:\/\/luegde.sawah.mobi\/?page_id=2114","title":{"rendered":"Der Mythenweg"},"content":{"rendered":"<p>Schatz eines Zwergenv\u00f6lkchens, die wei\u00dfe Jungfrau oder R\u00fcckzugsort der Cherusker &#8211; viele Geschichten und Sagen ranken sich um das Areal der Herlingsburg auf dem Plateau des 345 m hohen Keuperbergs.<br \/>\nErwandern Sie diese und andere R\u00e4tsel auf dem \u201eL\u00fcgder Mythenwegs\u201c. Er verl\u00e4uft entlang der mythischen St\u00e4tten und kulturhistorisch bedeutsamen Orte rund um die Herlingsburg. Auf dem f\u00fcnf Kilometer langen Rundweg mit wunderbaren Panoramablicken erwarten Sie spannende Sagenpl\u00e4tze und aufschlussreiche Informationsstationen.<\/p>","protected":false},"excerpt":{"rendered":"<p>Schatz eines Zwergenv\u00f6lkchens, die wei\u00dfe Jungfrau oder R\u00fcckzugsort der Cherusker &#8211; viele Geschichten und Sagen ranken sich um das Areal der Herlingsburg auf dem Plateau des 345 m hohen Keuperbergs. Erwandern Sie diese und andere R\u00e4tsel auf dem \u201eL\u00fcgder Mythenwegs\u201c. Er verl\u00e4uft entlang der mythischen St\u00e4tten und kulturhistorisch bedeutsamen Orte rund um die Herlingsburg. Auf [&hellip;]<\/p>\n","protected":false},"author":2,"featured_media":2116,"parent":0,"menu_order":0,"comment_status":"open","ping_status":"open","template":"","meta":{"ngg_post_thumbnail":0},"_links":{"self":[{"href":"https:\/\/luegde.sawah.mobi\/index.php?rest_route=\/wp\/v2\/pages\/2114"}],"collection":[{"href":"https:\/\/luegde.sawah.mobi\/index.php?rest_route=\/wp\/v2\/pages"}],"about":[{"href":"https:\/\/luegde.sawah.mobi\/index.php?rest_route=\/wp\/v2\/types\/page"}],"author":[{"embeddable":true,"href":"https:\/\/luegde.sawah.mobi\/index.php?rest_route=\/wp\/v2\/users\/2"}],"replies":[{"embeddable":true,"href":"https:\/\/luegde.sawah.mobi\/index.php?rest_route=%2Fwp%2Fv2%2Fcomments&post=2114"}],"version-history":[{"count":2,"href":"https:\/\/luegde.sawah.mobi\/index.php?rest_route=\/wp\/v2\/pages\/2114\/revisions"}],"predecessor-version":[{"id":2141,"href":"https:\/\/luegde.sawah.mobi\/index.php?rest_route=\/wp\/v2\/pages\/2114\/revisions\/2141"}],"wp:featuredmedia":[{"embeddable":true,"href":"https:\/\/luegde.sawah.mobi\/index.php?rest_route=\/wp\/v2\/media\/2116"}],"wp:attachment":[{"href":"https:\/\/luegde.sawah.mobi\/index.php?rest_route=%2Fwp%2Fv2%2Fmedia&parent=2114"}],"curies":[{"name":"wp","href":"https:\/\/api.w.org\/{rel}","templated":true}]}}