{"id":2123,"date":"2014-05-15T10:32:20","date_gmt":"2014-05-15T08:32:20","guid":{"rendered":"https:\/\/luegde.sawah.mobi\/?page_id=2123"},"modified":"2018-09-27T09:45:53","modified_gmt":"2018-09-27T07:45:53","slug":"pilgern-in-lippe","status":"publish","type":"page","link":"https:\/\/luegde.sawah.mobi\/?page_id=2123","title":{"rendered":"Pilgern in Lippe"},"content":{"rendered":"<p>Ob religi\u00f6se Motivation, der Wunsch nach einem Abenteuer oder die Sehnsucht nach Ruhe \u2013 Pilgern bedeutet, den Alltag hinter sich zu lassen. Die 73 Kilometer lange Ostschleife der Pilgerroute \u201ePilgern in Lippe\u201c verbindet auf mehreren Etappen die St\u00e4dte Blomberg, L\u00fcgde und Schieder-Schwalenberg miteinander. Auf einer Pilgerwanderung durch den lippischen S\u00fcdosten erwarten Sie wundersch\u00f6ne Kirchen und Kl\u00f6ster.<\/p>\n","protected":false},"excerpt":{"rendered":"<p>Ob religi\u00f6se Motivation, der Wunsch nach einem Abenteuer oder die Sehnsucht nach Ruhe \u2013 Pilgern bedeutet, den Alltag hinter sich zu lassen. Die 73 Kilometer lange Ostschleife der Pilgerroute \u201ePilgern in Lippe\u201c verbindet auf mehreren Etappen die St\u00e4dte Blomberg, L\u00fcgde und Schieder-Schwalenberg miteinander. Auf einer Pilgerwanderung durch den lippischen S\u00fcdosten erwarten Sie wundersch\u00f6ne Kirchen und [&hellip;]<\/p>\n","protected":false},"author":2,"featured_media":2125,"parent":0,"menu_order":0,"comment_status":"open","ping_status":"open","template":"","meta":{"ngg_post_thumbnail":0},"_links":{"self":[{"href":"https:\/\/luegde.sawah.mobi\/index.php?rest_route=\/wp\/v2\/pages\/2123"}],"collection":[{"href":"https:\/\/luegde.sawah.mobi\/index.php?rest_route=\/wp\/v2\/pages"}],"about":[{"href":"https:\/\/luegde.sawah.mobi\/index.php?rest_route=\/wp\/v2\/types\/page"}],"author":[{"embeddable":true,"href":"https:\/\/luegde.sawah.mobi\/index.php?rest_route=\/wp\/v2\/users\/2"}],"replies":[{"embeddable":true,"href":"https:\/\/luegde.sawah.mobi\/index.php?rest_route=%2Fwp%2Fv2%2Fcomments&post=2123"}],"version-history":[{"count":2,"href":"https:\/\/luegde.sawah.mobi\/index.php?rest_route=\/wp\/v2\/pages\/2123\/revisions"}],"predecessor-version":[{"id":2254,"href":"https:\/\/luegde.sawah.mobi\/index.php?rest_route=\/wp\/v2\/pages\/2123\/revisions\/2254"}],"wp:featuredmedia":[{"embeddable":true,"href":"https:\/\/luegde.sawah.mobi\/index.php?rest_route=\/wp\/v2\/media\/2125"}],"wp:attachment":[{"href":"https:\/\/luegde.sawah.mobi\/index.php?rest_route=%2Fwp%2Fv2%2Fmedia&parent=2123"}],"curies":[{"name":"wp","href":"https:\/\/api.w.org\/{rel}","templated":true}]}}