{"id":2171,"date":"2014-05-16T08:01:00","date_gmt":"2014-05-16T06:01:00","guid":{"rendered":"https:\/\/luegde.sawah.mobi\/?page_id=2171"},"modified":"2014-05-18T10:52:56","modified_gmt":"2014-05-18T08:52:56","slug":"heimatmuseum","status":"publish","type":"page","link":"https:\/\/luegde.sawah.mobi\/?page_id=2171","title":{"rendered":"Heimatmuseum"},"content":{"rendered":"<p>Am s\u00fcdlichen Ortseingang der historischen Altstadt befindet sich auf der Hinteren Stra\u00dfe 86 das L\u00fcgder Heimatmuseum. Das Vierst\u00e4nder-Fachwerkhaus wurde 1799 errichtet. Zwei Jahre zuvor war hier am 17. September 1797 der gr\u00f6\u00dfte Stadtbrand ausgebrochen. Die Hausinschrift weist noch heute auf dieses Ungl\u00fcck hin.<\/p>\n<p>Zeitweise lebten in diesem Ackerb\u00fcrgerhaus drei Familien mit bis zu 21 Personen zuz\u00fcglich Vieh und eingelagerten Vorr\u00e4ten. Diese beengten Wohnverh\u00e4ltnisse lassen vermuten, dass die Auswirkung des gro\u00dfen Stadtbrandes noch nicht \u00fcberwunden waren. Ein Anbau, der wahrscheinlich um die Jahrhundertwende errichtet wurde, befand sich im Bereich der heutigen Technik- und Sanit\u00e4rr\u00e4ume und wurde seinerzeit als Stall und Lagerraum genutzt. Im Zuge von Ausschachtungsarbeiten f\u00fcr die Erneuerung der Fundamente traten auch eindrucksvoll die Spuren der Brandkatastrophe in Form von verkohlten Holzresten und brandgeschw\u00e4rzten Steinen zutage.<\/p>\n<p>Seit 1987 befindet sich in diesem geschichtstr\u00e4chtigem Haus das L\u00fcgder Heimatmuseum, bei dessen Sanierung und Umbauma\u00dfnahmen gr\u00f6\u00dfter Wert darauf gelegt wurde, den urspr\u00fcnglichen Zustand wieder herzustellen. Dieses ehemalige Ackerb\u00fcrgerhaus z\u00e4hlt zum Typ der niederdeutschen Hallenh\u00e4user, die ihren Ursprung im Hochmittelalter haben. Die Au\u00dfen- und Innenw\u00e4nde wurden in Fachwerkbauweise errichtet. Die Gefache waren urspr\u00fcnglich mit Weichholzruten ausgeflochten und mit Lehm ausgef\u00fcllt, der in der Feldmark L\u00fcgde abgebaut wurde.<\/p>\n<p>Der Hauptraum des Hauses ist die hallenartige Deele, die mit Ziegelsteinen gepflastert wurde oder aus gestampftem Lehm bestand. Hier begann man im Winter bereits fr\u00fchmorgens mit dem Dreschen des Getreides. Die Wohnr\u00e4ume sind nach originalem Vorbild mit Holzdielen ausgestattet, die fr\u00fcher regelm\u00e4\u00dfig mit feink\u00f6rnigem hellen Sand bestreut wurden, um so den Boden ansehnlich zu erhalten und um die Dielenfugen verschlossen zu halten.<\/p>\n<p>Ein weiteres typisches Merkmal der in L\u00fcgde \u00fcblichen Vierst\u00e4nderbauart der Fachwerkh\u00e4user ist die dreischiffige L\u00e4ngsteilung der Geb\u00e4ude. Rechts neben der Deele befinden sich die \u201eWohnk\u00fcche\u201d, die \u201eFutterk\u00fcche\u201d und anschlie\u00dfend der Vorratsraum. Auf der linken Seite der Deele ist die \u201cgute Stube\u201d angeordnet, nachfolgend die Knechtekammer und der Stall f\u00fcr Pferde bzw. Rindvieh.<\/p>\n<p>Im Obergeschoss befindet sich jetzt das Museumscafe, sowie die fr\u00fcheren Schlafr\u00e4ume der Bewohner und die Kornkammer. Da die Ackerb\u00fcrgerh\u00e4user nicht nur von hauptberuflichen Landwirten, sondern auch von Handwerkern und Nebenerwerbslandwirten bewohnt wurden, ist die Ausstellung im Obergeschoss um die Darstellung der damals \u00fcblichen Nebenerwerbsquellen wie Kl\u00f6ppelspitzenherstellung und die sie abl\u00f6sende Zigarrenmacherei erg\u00e4nzt worden.<\/p>\n<p>Der fr\u00fchere Ernteboden, angeordnet \u00fcber der Deele und den R\u00e4umen des Obergeschosses, wurde im Zuge der Einrichtung des Heimatmuseums nach einem Entwurf von Prof. Schultz, Detmold, neugestaltet und dem Themenkreis Stadtgeschichte vorbehalten.<\/p>\n<p>In unmittelbarer N\u00e4he des Eingangs befindet sich ein originales Osterrad aus dem Jahre 1951, das der Dechenverein, Ausrichter des traditionellen Osterr\u00e4derlaufes, dem Heimatmuseum gestiftet hat. Gegen\u00fcber wurde ein Bereich mit religi\u00f6sem Bezug geschaffen. Dominant ist hier ein aus massiver Eiche geschnitzter Altar. Die Mitte des Ausstellungsraumes wird beherrscht von einem h\u00f6lzernen Aufzug \u00fcber der Deelenluke. Direkt hinter der Deelenluke ist ein Schaukasten mit ma\u00dfstabgerechtem Modell der Stadt L\u00fcgde. Beidseitig des Ausstellungsraumes sind Vitrinen mit Exponaten zur L\u00fcgder Stadtgeschichte angeordnet.<\/p>\n<p>Das Heimatmuseum stellt ein charakteristisches Ackerb\u00fcrgerhaus dar, das durch seine schlichte, \u00f6konomische Bauweise besticht. \u201eEin Spiegelbild der damaligen Zeit\u201c.<\/p>","protected":false},"excerpt":{"rendered":"<p>Am s\u00fcdlichen Ortseingang der historischen Altstadt befindet sich auf der Hinteren Stra\u00dfe 86 das L\u00fcgder Heimatmuseum. Das Vierst\u00e4nder-Fachwerkhaus wurde 1799 errichtet. Zwei Jahre zuvor war hier am 17. September 1797 der gr\u00f6\u00dfte Stadtbrand ausgebrochen. Die Hausinschrift weist noch heute auf dieses Ungl\u00fcck hin. Zeitweise lebten in diesem Ackerb\u00fcrgerhaus drei Familien mit bis zu 21 Personen [&hellip;]<\/p>\n","protected":false},"author":2,"featured_media":2149,"parent":0,"menu_order":0,"comment_status":"open","ping_status":"open","template":"","meta":{"ngg_post_thumbnail":0},"_links":{"self":[{"href":"https:\/\/luegde.sawah.mobi\/index.php?rest_route=\/wp\/v2\/pages\/2171"}],"collection":[{"href":"https:\/\/luegde.sawah.mobi\/index.php?rest_route=\/wp\/v2\/pages"}],"about":[{"href":"https:\/\/luegde.sawah.mobi\/index.php?rest_route=\/wp\/v2\/types\/page"}],"author":[{"embeddable":true,"href":"https:\/\/luegde.sawah.mobi\/index.php?rest_route=\/wp\/v2\/users\/2"}],"replies":[{"embeddable":true,"href":"https:\/\/luegde.sawah.mobi\/index.php?rest_route=%2Fwp%2Fv2%2Fcomments&post=2171"}],"version-history":[{"count":1,"href":"https:\/\/luegde.sawah.mobi\/index.php?rest_route=\/wp\/v2\/pages\/2171\/revisions"}],"predecessor-version":[{"id":2172,"href":"https:\/\/luegde.sawah.mobi\/index.php?rest_route=\/wp\/v2\/pages\/2171\/revisions\/2172"}],"wp:featuredmedia":[{"embeddable":true,"href":"https:\/\/luegde.sawah.mobi\/index.php?rest_route=\/wp\/v2\/media\/2149"}],"wp:attachment":[{"href":"https:\/\/luegde.sawah.mobi\/index.php?rest_route=%2Fwp%2Fv2%2Fmedia&parent=2171"}],"curies":[{"name":"wp","href":"https:\/\/api.w.org\/{rel}","templated":true}]}}