{"id":2173,"date":"2014-05-16T08:03:32","date_gmt":"2014-05-16T06:03:32","guid":{"rendered":"https:\/\/luegde.sawah.mobi\/?page_id=2173"},"modified":"2014-05-22T08:10:34","modified_gmt":"2014-05-22T06:10:34","slug":"kloster-falkenhagen","status":"publish","type":"page","link":"https:\/\/luegde.sawah.mobi\/?page_id=2173","title":{"rendered":"Kloster Falkenhagen"},"content":{"rendered":"<p>Das ehemalige Zisterzienserkloster in Falkenhagen wurde 1247 gegr\u00fcndet. In diesem Jahr wurde ein schon bestehendes Kloster namens Burchhagen, das 1231\/1246 urkundlich bezeugt ist, dorthin verlegt. Aus der Buchgeschichte wissen wir, dass sich die gesamte Klosteranlage 1254 im Aufbau befand und Hilfe von au\u00dfen ben\u00f6tigt wurde. Im Jahre 1407 wurde das Kloster in der Eversteinischen Fehde zerst\u00f6rt, und es lebten dort nur noch einige wenige Nonnen, die in benachbarte Kl\u00f6ster flohen. Das Kloster lag ca. 20 Jahre w\u00fcst, bis einige M\u00f6nche vom Orden der Wilhelmiten aus Witzenhausen f\u00fcr Falkenhagen von Paderborn angeworben wurden, sie konnten jedoch aus wirtschaftlichen Gr\u00fcnden Falkenhagen nicht halten und zogen nach etwa 5 Jahren wieder ab.<\/p>\n<p>Damit beginnt die Geschichte des 3. Ordens, der sich in Falkenhagen ansiedelte, der Orden hat die bedeutendsten bau- und kunstgeschichtlichen Werke hinterlassen. Es handelte sich um den ca. 1210 \/ 1215 in Huy (heute Belgien) gegr\u00fcndeten Orden der Kreuzherren.<\/p>\n<p>Ab 1443 geht es mit dem Aufbau der Klosteranlage voran. Aber zwei R\u00fcckschl\u00e4ge machten dem Konvent sehr zu schaffen: 1447 die Soester Fehde und 1479 ein Brand.<\/p>\n<p>Der bedeutendste Prior in Falkenhagen war Heinrich von Bocholt, dessen Amtszeit von 1457 bis 1495 dauerte. W\u00e4hrend seines Priorats brachte er das Kloster zu gro\u00dfer wirtschaftlicher und geistiger Bl\u00fcte. Es war damals das wohl gr\u00f6\u00dfte Kloster der Kreuzherren, fast 90 Ordensleute lebten in der Anlage, das Kloster besa\u00df 650 ha Land. Alte, fast ausgestorbene D\u00f6rfer in der Umgebung wie Niese, Sabbenhausen, K\u00f6terberg, Hummersen und W\u00f6rderfeld erwachten zu neuem Leben, um das Kloster herum waren mehr als 20 Wirtschaftsgeb\u00e4ude gruppiert.<\/p>\n<p>In den Jahren von 1596 bis 1604 wurde das monastische Leben in Falkenhagen durch einen 4. Orden fortgesetzt. Der Paderborner F\u00fcrstbischof Theodor von F\u00fcrstenberg errichtete eine Residenz der Jesuiten.<\/p>\n<p>W\u00e4hrend des 30-j\u00e4hrigen Krieges (1618\u20131648) nahm auch das Kloster Schaden. Im Jahre 1631 weilte ein bedeutender Jesuit im Kloster: Friedrich Spee von Langenfeld, er gilt als der bedeutendste katholische Kirchenliederdichter des 17. Jahrhunderts. Wirkungsgeschichtlich bedeutend wurde Spee aber auch durch seine aufkl\u00e4rende Arbeit gegen die Hexerverfolgungen mit seinem ber\u00fchmten Werk \u201eCautio Criminalis\u201d (Rechtliche Bedenken wegen der Hexenprozesse) bekannt.<\/p>\n<p>Die Klosteranlage besteht heute noch aus der eigentlichen Klosterkirche mit dem Kreuzgang sowie dem Remter (Geb\u00e4ude mit Kapitelsaal und Speiseraum der M\u00f6nche) und dem ehem. Dormitorium (Priorat). Letzteres Bauwerk gilt als das \u00e4lteste datierte Fachwerkhaus Lippes, es stammt aus dem Jahre 1509.<\/p>","protected":false},"excerpt":{"rendered":"<p>Das ehemalige Zisterzienserkloster in Falkenhagen wurde 1247 gegr\u00fcndet. In diesem Jahr wurde ein schon bestehendes Kloster namens Burchhagen, das 1231\/1246 urkundlich bezeugt ist, dorthin verlegt. Aus der Buchgeschichte wissen wir, dass sich die gesamte Klosteranlage 1254 im Aufbau befand und Hilfe von au\u00dfen ben\u00f6tigt wurde. Im Jahre 1407 wurde das Kloster in der Eversteinischen Fehde [&hellip;]<\/p>\n","protected":false},"author":2,"featured_media":2152,"parent":0,"menu_order":0,"comment_status":"open","ping_status":"open","template":"","meta":{"ngg_post_thumbnail":0},"_links":{"self":[{"href":"https:\/\/luegde.sawah.mobi\/index.php?rest_route=\/wp\/v2\/pages\/2173"}],"collection":[{"href":"https:\/\/luegde.sawah.mobi\/index.php?rest_route=\/wp\/v2\/pages"}],"about":[{"href":"https:\/\/luegde.sawah.mobi\/index.php?rest_route=\/wp\/v2\/types\/page"}],"author":[{"embeddable":true,"href":"https:\/\/luegde.sawah.mobi\/index.php?rest_route=\/wp\/v2\/users\/2"}],"replies":[{"embeddable":true,"href":"https:\/\/luegde.sawah.mobi\/index.php?rest_route=%2Fwp%2Fv2%2Fcomments&post=2173"}],"version-history":[{"count":1,"href":"https:\/\/luegde.sawah.mobi\/index.php?rest_route=\/wp\/v2\/pages\/2173\/revisions"}],"predecessor-version":[{"id":2174,"href":"https:\/\/luegde.sawah.mobi\/index.php?rest_route=\/wp\/v2\/pages\/2173\/revisions\/2174"}],"wp:featuredmedia":[{"embeddable":true,"href":"https:\/\/luegde.sawah.mobi\/index.php?rest_route=\/wp\/v2\/media\/2152"}],"wp:attachment":[{"href":"https:\/\/luegde.sawah.mobi\/index.php?rest_route=%2Fwp%2Fv2%2Fmedia&parent=2173"}],"curies":[{"name":"wp","href":"https:\/\/api.w.org\/{rel}","templated":true}]}}