{"id":2183,"date":"2014-05-16T09:13:23","date_gmt":"2014-05-16T07:13:23","guid":{"rendered":"https:\/\/luegde.sawah.mobi\/?page_id=2183"},"modified":"2014-05-18T10:11:54","modified_gmt":"2014-05-18T08:11:54","slug":"koeterbergweg","status":"publish","type":"page","link":"https:\/\/luegde.sawah.mobi\/?page_id=2183","title":{"rendered":"K\u00f6terbergweg"},"content":{"rendered":"<p>Auf einer L\u00e4nge von rund 50 Kilometer verl\u00e4uft der K\u00f6terberg-Rundweg durch insgesamt neun Ortschaften rund um den K\u00f6terberg. Auf dieser Route entdecken Sie insgesamt sieben Ortsteile von L\u00fcgde sowie das nieders\u00e4chsische St\u00e4dtchen Polle an der Weser.<\/p>\n<p>Wegbeschreibung<br \/>\nDer K\u00f6terberg-Rundweg verbindet landschaftlich reizvolle Waldgebiete und Orte rund um den K\u00f6terberg (496 m, h\u00f6chter Berg in Lippe).<br \/>\nWir verlassen den Ort Hummersen, gehen am M\u00fchlenberg entlang, wenden uns nach links und \u00fcberschreiten den Lakebach. Rechts von uns liegt der Reiterhof Wei\u00dfenfeld. Weiter gteht es entlang der lippischen Grenze, dann rechts abbiegend, an der Knickm\u00fchle vorbei, nach Polle an der Weser. \u00dcber die Burgruine &#8222;Everstein&#8220; steigen wir an einem stillgelegten Steinbruch vorbei hinauf zum Wilmer\u00f6derberg. Der folgende H\u00f6henweg f\u00fchrt durch das ausgedehnte Waldgebiet, passiert die Landesgrenze, f\u00fchrt durch eine steile Waldschneise auf das Forsthaus Br\u00f6ken zu und durch jahrhundertealte, knorrige Eichenbest\u00e4nde nach B\u00f6dexen.<br \/>\nDen weithin sichtbaren Fernsehturm des K\u00f6terberges vor Augen gehen wir zum M\u00f6nchsberg, biegen nach links und gelangen \u00fcber den Berg und die &#8222;Falkenflucht&#8220; nach Niese.<br \/>\nAuf dem &#8222;Alten Postweg&#8220; geht es \u00fcber den Scharpenberg und die Waldwiese nach Rischenau. Wir folgen der Route auf dem Waldlehrpfad westllich des Ortes nach Biesterfeld (ehem. Wohnsitz der Grafen zu Lippe-Biesterfeld), weiter zur B 239, die wir \u00fcberqueren und in die Triftstra\u00dfe hinein. Durch den K\u00f6llergrund gelangt man nach Elbrinxen mit seiner romanischen Kirch aus dem 12. Jh. und der 1000j\u00e4hrigen Linde. Wir wandern durch den Ort, dann rechts abbiegend, \u00fcber Ratsiek nach Sabbenhausen. Durch das Klosterholz wird der Ort Falkenhagen errreicht, der mit dem ehemaligen aus dem 13. Jh. stammenden Kloster und den beiden Pfarrh\u00e4usern in Fachwerkbauweise sehenswerte Baudenkm\u00e4ler besitzt. Etwa 2 km geht es entlang der Stra\u00dfe in Richtung K\u00f6terberg, nach links durch den Wald an einem idyllischen See vorbei und zur\u00fcck zum Walddorf<\/p>","protected":false},"excerpt":{"rendered":"<p>Auf einer L\u00e4nge von rund 50 Kilometer verl\u00e4uft der K\u00f6terberg-Rundweg durch insgesamt neun Ortschaften rund um den K\u00f6terberg. Auf dieser Route entdecken Sie insgesamt sieben Ortsteile von L\u00fcgde sowie das nieders\u00e4chsische St\u00e4dtchen Polle an der Weser. Wegbeschreibung Der K\u00f6terberg-Rundweg verbindet landschaftlich reizvolle Waldgebiete und Orte rund um den K\u00f6terberg (496 m, h\u00f6chter Berg in Lippe). [&hellip;]<\/p>\n","protected":false},"author":2,"featured_media":2188,"parent":0,"menu_order":0,"comment_status":"open","ping_status":"open","template":"","meta":{"ngg_post_thumbnail":0},"_links":{"self":[{"href":"https:\/\/luegde.sawah.mobi\/index.php?rest_route=\/wp\/v2\/pages\/2183"}],"collection":[{"href":"https:\/\/luegde.sawah.mobi\/index.php?rest_route=\/wp\/v2\/pages"}],"about":[{"href":"https:\/\/luegde.sawah.mobi\/index.php?rest_route=\/wp\/v2\/types\/page"}],"author":[{"embeddable":true,"href":"https:\/\/luegde.sawah.mobi\/index.php?rest_route=\/wp\/v2\/users\/2"}],"replies":[{"embeddable":true,"href":"https:\/\/luegde.sawah.mobi\/index.php?rest_route=%2Fwp%2Fv2%2Fcomments&post=2183"}],"version-history":[{"count":4,"href":"https:\/\/luegde.sawah.mobi\/index.php?rest_route=\/wp\/v2\/pages\/2183\/revisions"}],"predecessor-version":[{"id":2224,"href":"https:\/\/luegde.sawah.mobi\/index.php?rest_route=\/wp\/v2\/pages\/2183\/revisions\/2224"}],"wp:featuredmedia":[{"embeddable":true,"href":"https:\/\/luegde.sawah.mobi\/index.php?rest_route=\/wp\/v2\/media\/2188"}],"wp:attachment":[{"href":"https:\/\/luegde.sawah.mobi\/index.php?rest_route=%2Fwp%2Fv2%2Fmedia&parent=2183"}],"curies":[{"name":"wp","href":"https:\/\/api.w.org\/{rel}","templated":true}]}}